{"id":3060,"date":"2024-01-31T12:32:51","date_gmt":"2024-01-31T12:32:51","guid":{"rendered":"https:\/\/luciaperez.es\/programas-tv\/"},"modified":"2024-07-15T07:09:46","modified_gmt":"2024-07-15T07:09:46","slug":"promo","status":"publish","type":"page","link":"https:\/\/luciaperez.es\/gl\/promo\/","title":{"rendered":"PROGRAMAS TV"},"content":{"rendered":"\t\t<div data-elementor-type=\"wp-page\" data-elementor-id=\"3060\" class=\"elementor elementor-3060 elementor-2033\" data-elementor-post-type=\"page\">\n\t\t\t\t<div class=\"elementor-element elementor-element-6a2b1c0 e-flex e-con-boxed e-con e-parent\" data-id=\"6a2b1c0\" data-element_type=\"container\">\n\t\t\t\t\t<div class=\"e-con-inner\">\n\t\t\t\t<div class=\"elementor-element elementor-element-5acd17c elementor-widget elementor-widget-heading\" data-id=\"5acd17c\" data-element_type=\"widget\" data-widget_type=\"heading.default\">\n\t\t\t\t<div class=\"elementor-widget-container\">\n\t\t\t\t\t<h1 class=\"elementor-heading-title elementor-size-xxl\">PROGRAMAS TV<\/h1>\t\t\t\t<\/div>\n\t\t\t\t<\/div>\n\t\t\t\t\t<\/div>\n\t\t\t\t<\/div>\n\t\t\t\t<section class=\"elementor-section elementor-top-section elementor-element elementor-element-68563aa9 animated-slow elementor-section-full_width elementor-section-height-min-height elementor-section-stretched elementor-section-items-top elementor-section-height-default elementor-invisible\" data-id=\"68563aa9\" data-element_type=\"section\" data-settings=\"{&quot;animation&quot;:&quot;fadeIn&quot;,&quot;stretch_section&quot;:&quot;section-stretched&quot;,&quot;background_background&quot;:&quot;classic&quot;}\">\n\t\t\t\t\t\t<div class=\"elementor-container elementor-column-gap-no\">\n\t\t\t\t\t<div class=\"elementor-column elementor-col-100 elementor-top-column elementor-element elementor-element-4fc97424\" data-id=\"4fc97424\" data-element_type=\"column\">\n\t\t\t<div class=\"elementor-widget-wrap elementor-element-populated\">\n\t\t\t\t\t\t<div class=\"elementor-element elementor-element-ae1afd9 elementor-widget elementor-widget-gallery\" data-id=\"ae1afd9\" data-element_type=\"widget\" data-settings=\"{&quot;gallery_layout&quot;:&quot;masonry&quot;,&quot;gap&quot;:{&quot;unit&quot;:&quot;px&quot;,&quot;size&quot;:30,&quot;sizes&quot;:[]},&quot;columns&quot;:4,&quot;columns_tablet&quot;:2,&quot;columns_mobile&quot;:1,&quot;gap_tablet&quot;:{&quot;unit&quot;:&quot;px&quot;,&quot;size&quot;:10,&quot;sizes&quot;:[]},&quot;gap_mobile&quot;:{&quot;unit&quot;:&quot;px&quot;,&quot;size&quot;:10,&quot;sizes&quot;:[]},&quot;link_to&quot;:&quot;file&quot;,&quot;overlay_background&quot;:&quot;yes&quot;,&quot;content_hover_animation&quot;:&quot;fade-in&quot;}\" data-widget_type=\"gallery.default\">\n\t\t\t\t<div class=\"elementor-widget-container\">\n\t\t\t\t\t\t\t<div class=\"elementor-gallery__container\">\n\t\t\t\t\t\t\t<a class=\"e-gallery-item elementor-gallery-item elementor-animated-content\" href=\"https:\/\/luciaperez.es\/wp-content\/uploads\/2024\/02\/fj-LuPe-122-scaled.webp\" data-elementor-open-lightbox=\"yes\" data-elementor-lightbox-slideshow=\"ae1afd9\" data-e-action-hash=\"#elementor-action%3Aaction%3Dlightbox%26settings%3DeyJpZCI6MjkzOCwidXJsIjoiaHR0cHM6XC9cL2x1Y2lhcGVyZXouZXNcL3dwLWNvbnRlbnRcL3VwbG9hZHNcLzIwMjRcLzAyXC9mai1MdVBlLTEyMi1zY2FsZWQud2VicCIsInNsaWRlc2hvdyI6ImFlMWFmZDkifQ%3D%3D\">\n\t\t\t\t\t<div class=\"e-gallery-image elementor-gallery-item__image\" data-thumbnail=\"https:\/\/luciaperez.es\/wp-content\/uploads\/2024\/02\/fj-LuPe-122-scaled.webp\" data-width=\"1440\" data-height=\"1920\" aria-label=\"\" role=\"img\" ><\/div>\n\t\t\t\t\t\t\t\t\t\t\t<div class=\"elementor-gallery-item__overlay\"><\/div>\n\t\t\t\t\t\t\t\t\t\t\t\t\t\t<\/a>\n\t\t\t\t\t\t\t<a class=\"e-gallery-item elementor-gallery-item elementor-animated-content\" href=\"https:\/\/luciaperez.es\/wp-content\/uploads\/2024\/02\/fj-LuPe-113-scaled.webp\" data-elementor-open-lightbox=\"yes\" data-elementor-lightbox-slideshow=\"ae1afd9\" data-e-action-hash=\"#elementor-action%3Aaction%3Dlightbox%26settings%3DeyJpZCI6MjkwNCwidXJsIjoiaHR0cHM6XC9cL2x1Y2lhcGVyZXouZXNcL3dwLWNvbnRlbnRcL3VwbG9hZHNcLzIwMjRcLzAyXC9mai1MdVBlLTExMy1zY2FsZWQud2VicCIsInNsaWRlc2hvdyI6ImFlMWFmZDkifQ%3D%3D\">\n\t\t\t\t\t<div class=\"e-gallery-image elementor-gallery-item__image\" data-thumbnail=\"https:\/\/luciaperez.es\/wp-content\/uploads\/2024\/02\/fj-LuPe-113-scaled.webp\" data-width=\"1440\" data-height=\"1920\" aria-label=\"\" role=\"img\" ><\/div>\n\t\t\t\t\t\t\t\t\t\t\t<div class=\"elementor-gallery-item__overlay\"><\/div>\n\t\t\t\t\t\t\t\t\t\t\t\t\t\t<\/a>\n\t\t\t\t\t\t\t<a class=\"e-gallery-item elementor-gallery-item elementor-animated-content\" href=\"https:\/\/luciaperez.es\/wp-content\/uploads\/2024\/02\/fj-LuPe-021-scaled.webp\" data-elementor-open-lightbox=\"yes\" data-elementor-lightbox-slideshow=\"ae1afd9\" data-e-action-hash=\"#elementor-action%3Aaction%3Dlightbox%26settings%3DeyJpZCI6Mjk0MywidXJsIjoiaHR0cHM6XC9cL2x1Y2lhcGVyZXouZXNcL3dwLWNvbnRlbnRcL3VwbG9hZHNcLzIwMjRcLzAyXC9mai1MdVBlLTAyMS1zY2FsZWQud2VicCIsInNsaWRlc2hvdyI6ImFlMWFmZDkifQ%3D%3D\">\n\t\t\t\t\t<div class=\"e-gallery-image elementor-gallery-item__image\" data-thumbnail=\"https:\/\/luciaperez.es\/wp-content\/uploads\/2024\/02\/fj-LuPe-021-scaled.webp\" data-width=\"1920\" data-height=\"1440\" aria-label=\"\" role=\"img\" ><\/div>\n\t\t\t\t\t\t\t\t\t\t\t<div class=\"elementor-gallery-item__overlay\"><\/div>\n\t\t\t\t\t\t\t\t\t\t\t\t\t\t<\/a>\n\t\t\t\t\t\t\t<a class=\"e-gallery-item elementor-gallery-item elementor-animated-content\" href=\"https:\/\/luciaperez.es\/wp-content\/uploads\/2024\/02\/fj-LuPe-029-scaled.webp\" data-elementor-open-lightbox=\"yes\" data-elementor-lightbox-slideshow=\"ae1afd9\" data-e-action-hash=\"#elementor-action%3Aaction%3Dlightbox%26settings%3DeyJpZCI6Mjk0NSwidXJsIjoiaHR0cHM6XC9cL2x1Y2lhcGVyZXouZXNcL3dwLWNvbnRlbnRcL3VwbG9hZHNcLzIwMjRcLzAyXC9mai1MdVBlLTAyOS1zY2FsZWQud2VicCIsInNsaWRlc2hvdyI6ImFlMWFmZDkifQ%3D%3D\">\n\t\t\t\t\t<div class=\"e-gallery-image elementor-gallery-item__image\" data-thumbnail=\"https:\/\/luciaperez.es\/wp-content\/uploads\/2024\/02\/fj-LuPe-029-scaled.webp\" data-width=\"1440\" data-height=\"1920\" aria-label=\"\" role=\"img\" ><\/div>\n\t\t\t\t\t\t\t\t\t\t\t<div class=\"elementor-gallery-item__overlay\"><\/div>\n\t\t\t\t\t\t\t\t\t\t\t\t\t\t<\/a>\n\t\t\t\t\t\t\t<a class=\"e-gallery-item elementor-gallery-item elementor-animated-content\" href=\"https:\/\/luciaperez.es\/wp-content\/uploads\/2024\/02\/fj-LuPe-065-scaled.webp\" data-elementor-open-lightbox=\"yes\" data-elementor-lightbox-slideshow=\"ae1afd9\" data-e-action-hash=\"#elementor-action%3Aaction%3Dlightbox%26settings%3DeyJpZCI6Mjk0NywidXJsIjoiaHR0cHM6XC9cL2x1Y2lhcGVyZXouZXNcL3dwLWNvbnRlbnRcL3VwbG9hZHNcLzIwMjRcLzAyXC9mai1MdVBlLTA2NS1zY2FsZWQud2VicCIsInNsaWRlc2hvdyI6ImFlMWFmZDkifQ%3D%3D\">\n\t\t\t\t\t<div class=\"e-gallery-image elementor-gallery-item__image\" data-thumbnail=\"https:\/\/luciaperez.es\/wp-content\/uploads\/2024\/02\/fj-LuPe-065-scaled.webp\" data-width=\"1440\" data-height=\"1920\" aria-label=\"\" role=\"img\" ><\/div>\n\t\t\t\t\t\t\t\t\t\t\t<div class=\"elementor-gallery-item__overlay\"><\/div>\n\t\t\t\t\t\t\t\t\t\t\t\t\t\t<\/a>\n\t\t\t\t\t\t\t<a class=\"e-gallery-item elementor-gallery-item elementor-animated-content\" href=\"https:\/\/luciaperez.es\/wp-content\/uploads\/2024\/02\/Foto-de-la-portada-de-la-revista-Shangay.webp\" data-elementor-open-lightbox=\"yes\" data-elementor-lightbox-slideshow=\"ae1afd9\" data-e-action-hash=\"#elementor-action%3Aaction%3Dlightbox%26settings%3DeyJpZCI6MjgyOCwidXJsIjoiaHR0cHM6XC9cL2x1Y2lhcGVyZXouZXNcL3dwLWNvbnRlbnRcL3VwbG9hZHNcLzIwMjRcLzAyXC9Gb3RvLWRlLWxhLXBvcnRhZGEtZGUtbGEtcmV2aXN0YS1TaGFuZ2F5LndlYnAiLCJzbGlkZXNob3ciOiJhZTFhZmQ5In0%3D\">\n\t\t\t\t\t<div class=\"e-gallery-image elementor-gallery-item__image\" data-thumbnail=\"https:\/\/luciaperez.es\/wp-content\/uploads\/2024\/02\/Foto-de-la-portada-de-la-revista-Shangay.webp\" data-width=\"600\" data-height=\"337\" aria-label=\"\" role=\"img\" ><\/div>\n\t\t\t\t\t\t\t\t\t\t\t<div class=\"elementor-gallery-item__overlay\"><\/div>\n\t\t\t\t\t\t\t\t\t\t\t\t\t\t<\/a>\n\t\t\t\t\t\t\t<a class=\"e-gallery-item elementor-gallery-item elementor-animated-content\" href=\"https:\/\/luciaperez.es\/wp-content\/uploads\/2024\/02\/fj-LuPe-043-scaled.webp\" data-elementor-open-lightbox=\"yes\" data-elementor-lightbox-slideshow=\"ae1afd9\" data-e-action-hash=\"#elementor-action%3Aaction%3Dlightbox%26settings%3DeyJpZCI6Mjk0OSwidXJsIjoiaHR0cHM6XC9cL2x1Y2lhcGVyZXouZXNcL3dwLWNvbnRlbnRcL3VwbG9hZHNcLzIwMjRcLzAyXC9mai1MdVBlLTA0My1zY2FsZWQud2VicCIsInNsaWRlc2hvdyI6ImFlMWFmZDkifQ%3D%3D\">\n\t\t\t\t\t<div class=\"e-gallery-image elementor-gallery-item__image\" data-thumbnail=\"https:\/\/luciaperez.es\/wp-content\/uploads\/2024\/02\/fj-LuPe-043-scaled.webp\" data-width=\"1920\" data-height=\"1440\" aria-label=\"\" role=\"img\" ><\/div>\n\t\t\t\t\t\t\t\t\t\t\t<div class=\"elementor-gallery-item__overlay\"><\/div>\n\t\t\t\t\t\t\t\t\t\t\t\t\t\t<\/a>\n\t\t\t\t\t\t\t<a class=\"e-gallery-item elementor-gallery-item elementor-animated-content\" href=\"https:\/\/luciaperez.es\/wp-content\/uploads\/2024\/02\/fj-LuPe-056-scaled.webp\" data-elementor-open-lightbox=\"yes\" data-elementor-lightbox-slideshow=\"ae1afd9\" data-e-action-hash=\"#elementor-action%3Aaction%3Dlightbox%26settings%3DeyJpZCI6Mjk1MSwidXJsIjoiaHR0cHM6XC9cL2x1Y2lhcGVyZXouZXNcL3dwLWNvbnRlbnRcL3VwbG9hZHNcLzIwMjRcLzAyXC9mai1MdVBlLTA1Ni1zY2FsZWQud2VicCIsInNsaWRlc2hvdyI6ImFlMWFmZDkifQ%3D%3D\">\n\t\t\t\t\t<div class=\"e-gallery-image elementor-gallery-item__image\" data-thumbnail=\"https:\/\/luciaperez.es\/wp-content\/uploads\/2024\/02\/fj-LuPe-056-scaled.webp\" data-width=\"1440\" data-height=\"1920\" aria-label=\"\" role=\"img\" ><\/div>\n\t\t\t\t\t\t\t\t\t\t\t<div class=\"elementor-gallery-item__overlay\"><\/div>\n\t\t\t\t\t\t\t\t\t\t\t\t\t\t<\/a>\n\t\t\t\t\t\t\t<a class=\"e-gallery-item elementor-gallery-item elementor-animated-content\" href=\"https:\/\/luciaperez.es\/wp-content\/uploads\/2024\/02\/fj_LuPer-076-cr2-1-scaled.webp\" data-elementor-open-lightbox=\"yes\" data-elementor-lightbox-slideshow=\"ae1afd9\" data-e-action-hash=\"#elementor-action%3Aaction%3Dlightbox%26settings%3DeyJpZCI6Mjk3MiwidXJsIjoiaHR0cHM6XC9cL2x1Y2lhcGVyZXouZXNcL3dwLWNvbnRlbnRcL3VwbG9hZHNcLzIwMjRcLzAyXC9mal9MdVBlci0wNzYtY3IyLTEtc2NhbGVkLndlYnAiLCJzbGlkZXNob3ciOiJhZTFhZmQ5In0%3D\">\n\t\t\t\t\t<div class=\"e-gallery-image elementor-gallery-item__image\" data-thumbnail=\"https:\/\/luciaperez.es\/wp-content\/uploads\/2024\/02\/fj_LuPer-076-cr2-1-scaled.webp\" data-width=\"1440\" data-height=\"1920\" aria-label=\"\" role=\"img\" ><\/div>\n\t\t\t\t\t\t\t\t\t\t\t<div class=\"elementor-gallery-item__overlay\"><\/div>\n\t\t\t\t\t\t\t\t\t\t\t\t\t\t<\/a>\n\t\t\t\t\t\t\t<a class=\"e-gallery-item elementor-gallery-item elementor-animated-content\" href=\"https:\/\/luciaperez.es\/wp-content\/uploads\/2024\/02\/fj_LuPer-040-cr2-1-scaled.webp\" data-elementor-open-lightbox=\"yes\" data-elementor-lightbox-slideshow=\"ae1afd9\" data-e-action-hash=\"#elementor-action%3Aaction%3Dlightbox%26settings%3DeyJpZCI6Mjk3NCwidXJsIjoiaHR0cHM6XC9cL2x1Y2lhcGVyZXouZXNcL3dwLWNvbnRlbnRcL3VwbG9hZHNcLzIwMjRcLzAyXC9mal9MdVBlci0wNDAtY3IyLTEtc2NhbGVkLndlYnAiLCJzbGlkZXNob3ciOiJhZTFhZmQ5In0%3D\">\n\t\t\t\t\t<div class=\"e-gallery-image elementor-gallery-item__image\" data-thumbnail=\"https:\/\/luciaperez.es\/wp-content\/uploads\/2024\/02\/fj_LuPer-040-cr2-1-scaled.webp\" data-width=\"1440\" data-height=\"1920\" aria-label=\"\" role=\"img\" ><\/div>\n\t\t\t\t\t\t\t\t\t\t\t<div class=\"elementor-gallery-item__overlay\"><\/div>\n\t\t\t\t\t\t\t\t\t\t\t\t\t\t<\/a>\n\t\t\t\t\t\t\t<a class=\"e-gallery-item elementor-gallery-item elementor-animated-content\" href=\"https:\/\/luciaperez.es\/wp-content\/uploads\/2024\/02\/Lucia-137-scaled.webp\" data-elementor-open-lightbox=\"yes\" data-elementor-lightbox-slideshow=\"ae1afd9\" data-e-action-hash=\"#elementor-action%3Aaction%3Dlightbox%26settings%3DeyJpZCI6Mjg0NCwidXJsIjoiaHR0cHM6XC9cL2x1Y2lhcGVyZXouZXNcL3dwLWNvbnRlbnRcL3VwbG9hZHNcLzIwMjRcLzAyXC9MdWNpYS0xMzctc2NhbGVkLndlYnAiLCJzbGlkZXNob3ciOiJhZTFhZmQ5In0%3D\">\n\t\t\t\t\t<div class=\"e-gallery-image elementor-gallery-item__image\" data-thumbnail=\"https:\/\/luciaperez.es\/wp-content\/uploads\/2024\/02\/Lucia-137-scaled.webp\" data-width=\"1179\" data-height=\"1920\" aria-label=\"\" role=\"img\" ><\/div>\n\t\t\t\t\t\t\t\t\t\t\t<div class=\"elementor-gallery-item__overlay\"><\/div>\n\t\t\t\t\t\t\t\t\t\t\t\t\t\t<\/a>\n\t\t\t\t\t\t\t<a class=\"e-gallery-item elementor-gallery-item elementor-animated-content\" href=\"https:\/\/luciaperez.es\/wp-content\/uploads\/2024\/02\/Lucia-Perez-401-3-scaled.webp\" data-elementor-open-lightbox=\"yes\" data-elementor-lightbox-slideshow=\"ae1afd9\" data-e-action-hash=\"#elementor-action%3Aaction%3Dlightbox%26settings%3DeyJpZCI6Mjg0MCwidXJsIjoiaHR0cHM6XC9cL2x1Y2lhcGVyZXouZXNcL3dwLWNvbnRlbnRcL3VwbG9hZHNcLzIwMjRcLzAyXC9MdWNpYS1QZXJlei00MDEtMy1zY2FsZWQud2VicCIsInNsaWRlc2hvdyI6ImFlMWFmZDkifQ%3D%3D\">\n\t\t\t\t\t<div class=\"e-gallery-image elementor-gallery-item__image\" data-thumbnail=\"https:\/\/luciaperez.es\/wp-content\/uploads\/2024\/02\/Lucia-Perez-401-3-scaled.webp\" data-width=\"1280\" data-height=\"1920\" aria-label=\"\" role=\"img\" ><\/div>\n\t\t\t\t\t\t\t\t\t\t\t<div class=\"elementor-gallery-item__overlay\"><\/div>\n\t\t\t\t\t\t\t\t\t\t\t\t\t\t<\/a>\n\t\t\t\t\t\t\t<a class=\"e-gallery-item elementor-gallery-item elementor-animated-content\" href=\"https:\/\/luciaperez.es\/wp-content\/uploads\/2024\/02\/Lucia-Perez-401-0-scaled.webp\" data-elementor-open-lightbox=\"yes\" data-elementor-lightbox-slideshow=\"ae1afd9\" data-e-action-hash=\"#elementor-action%3Aaction%3Dlightbox%26settings%3DeyJpZCI6MjgzOCwidXJsIjoiaHR0cHM6XC9cL2x1Y2lhcGVyZXouZXNcL3dwLWNvbnRlbnRcL3VwbG9hZHNcLzIwMjRcLzAyXC9MdWNpYS1QZXJlei00MDEtMC1zY2FsZWQud2VicCIsInNsaWRlc2hvdyI6ImFlMWFmZDkifQ%3D%3D\">\n\t\t\t\t\t<div class=\"e-gallery-image elementor-gallery-item__image\" data-thumbnail=\"https:\/\/luciaperez.es\/wp-content\/uploads\/2024\/02\/Lucia-Perez-401-0-scaled.webp\" data-width=\"1280\" data-height=\"1920\" aria-label=\"\" role=\"img\" ><\/div>\n\t\t\t\t\t\t\t\t\t\t\t<div class=\"elementor-gallery-item__overlay\"><\/div>\n\t\t\t\t\t\t\t\t\t\t\t\t\t\t<\/a>\n\t\t\t\t\t<\/div>\n\t\t\t\t\t<\/div>\n\t\t\t\t<\/div>\n\t\t\t\t\t<\/div>\n\t\t<\/div>\n\t\t\t\t\t<\/div>\n\t\t<\/section>\n\t\t\t\t<\/div>\n\t\t","protected":false},"excerpt":{"rendered":"<p>PROGRAMAS TV<\/p>\n","protected":false},"author":1,"featured_media":2583,"parent":0,"menu_order":0,"comment_status":"closed","ping_status":"closed","template":"","meta":{"_kad_post_transparent":"","_kad_post_title":"hide","_kad_post_layout":"","_kad_post_sidebar_id":"","_kad_post_content_style":"","_kad_post_vertical_padding":"","_kad_post_feature":"","_kad_post_feature_position":"","_kad_post_header":false,"_kad_post_footer":false,"footnotes":""},"class_list":["post-3060","page","type-page","status-publish","has-post-thumbnail","hentry"],"yoast_head":"<!-- This site is optimized with the Yoast SEO plugin v24.4 - https:\/\/yoast.com\/wordpress\/plugins\/seo\/ -->\n<title>PROGRAMAS TV - Luc\u00eda P\u00e9rez<\/title>\n<meta name=\"robots\" content=\"index, follow, max-snippet:-1, max-image-preview:large, max-video-preview:-1\" \/>\n<link rel=\"canonical\" href=\"https:\/\/luciaperez.es\/gl\/promo\/\" \/>\n<meta property=\"og:locale\" content=\"gl_ES\" \/>\n<meta property=\"og:type\" content=\"article\" \/>\n<meta property=\"og:title\" content=\"PROGRAMAS TV - Luc\u00eda P\u00e9rez\" \/>\n<meta property=\"og:description\" content=\"PROGRAMAS TV\" \/>\n<meta property=\"og:url\" content=\"https:\/\/luciaperez.es\/gl\/promo\/\" \/>\n<meta property=\"og:site_name\" content=\"Luc\u00eda P\u00e9rez\" \/>\n<meta property=\"article:modified_time\" content=\"2024-07-15T07:09:46+00:00\" \/>\n<meta property=\"og:image\" content=\"https:\/\/luciaperez.es\/wp-content\/uploads\/2024\/02\/fj_LuPer-040-cr2-scaled.webp\" \/>\n\t<meta property=\"og:image:width\" content=\"1920\" \/>\n\t<meta property=\"og:image:height\" content=\"2560\" \/>\n\t<meta property=\"og:image:type\" content=\"image\/jpeg\" \/>\n<meta name=\"twitter:card\" content=\"summary_large_image\" \/>\n<meta name=\"twitter:label1\" content=\"Tempo de lectura\" \/>\n\t<meta name=\"twitter:data1\" content=\"1 minuto\" \/>\n<script type=\"application\/ld+json\" class=\"yoast-schema-graph\">{\"@context\":\"https:\/\/schema.org\",\"@graph\":[{\"@type\":\"WebPage\",\"@id\":\"https:\/\/luciaperez.es\/gl\/promo\/\",\"url\":\"https:\/\/luciaperez.es\/gl\/promo\/\",\"name\":\"PROGRAMAS TV - Luc\u00eda P\u00e9rez\",\"isPartOf\":{\"@id\":\"https:\/\/luciaperez.es\/#website\"},\"primaryImageOfPage\":{\"@id\":\"https:\/\/luciaperez.es\/gl\/promo\/#primaryimage\"},\"image\":{\"@id\":\"https:\/\/luciaperez.es\/gl\/promo\/#primaryimage\"},\"thumbnailUrl\":\"https:\/\/luciaperez.es\/wp-content\/uploads\/2024\/02\/fj_LuPer-040-cr2-scaled.webp\",\"datePublished\":\"2024-01-31T12:32:51+00:00\",\"dateModified\":\"2024-07-15T07:09:46+00:00\",\"breadcrumb\":{\"@id\":\"https:\/\/luciaperez.es\/gl\/promo\/#breadcrumb\"},\"inLanguage\":\"gl-ES\",\"potentialAction\":[{\"@type\":\"ReadAction\",\"target\":[\"https:\/\/luciaperez.es\/gl\/promo\/\"]}]},{\"@type\":\"ImageObject\",\"inLanguage\":\"gl-ES\",\"@id\":\"https:\/\/luciaperez.es\/gl\/promo\/#primaryimage\",\"url\":\"https:\/\/luciaperez.es\/wp-content\/uploads\/2024\/02\/fj_LuPer-040-cr2-scaled.webp\",\"contentUrl\":\"https:\/\/luciaperez.es\/wp-content\/uploads\/2024\/02\/fj_LuPer-040-cr2-scaled.webp\",\"width\":1920,\"height\":2560},{\"@type\":\"BreadcrumbList\",\"@id\":\"https:\/\/luciaperez.es\/gl\/promo\/#breadcrumb\",\"itemListElement\":[{\"@type\":\"ListItem\",\"position\":1,\"name\":\"Portada\",\"item\":\"https:\/\/luciaperez.es\/gl\/\"},{\"@type\":\"ListItem\",\"position\":2,\"name\":\"PROGRAMAS TV\"}]},{\"@type\":\"WebSite\",\"@id\":\"https:\/\/luciaperez.es\/#website\",\"url\":\"https:\/\/luciaperez.es\/\",\"name\":\"Luc\u00eda Perez\",\"description\":\"P\u00e1xina Oficial Luc\u00eda Perez\",\"publisher\":{\"@id\":\"https:\/\/luciaperez.es\/#\/schema\/person\/9944af4f7a9ff0e895366d6bd1c27771\"},\"potentialAction\":[{\"@type\":\"SearchAction\",\"target\":{\"@type\":\"EntryPoint\",\"urlTemplate\":\"https:\/\/luciaperez.es\/?s={search_term_string}\"},\"query-input\":{\"@type\":\"PropertyValueSpecification\",\"valueRequired\":true,\"valueName\":\"search_term_string\"}}],\"inLanguage\":\"gl-ES\"},{\"@type\":[\"Person\",\"Organization\"],\"@id\":\"https:\/\/luciaperez.es\/#\/schema\/person\/9944af4f7a9ff0e895366d6bd1c27771\",\"name\":\"luciaperez\",\"image\":{\"@type\":\"ImageObject\",\"inLanguage\":\"gl-ES\",\"@id\":\"https:\/\/luciaperez.es\/#\/schema\/person\/image\/\",\"url\":\"https:\/\/luciaperez.es\/wp-content\/uploads\/2024\/02\/cropped-logo-lucia-perez.webp\",\"contentUrl\":\"https:\/\/luciaperez.es\/wp-content\/uploads\/2024\/02\/cropped-logo-lucia-perez.webp\",\"width\":290,\"height\":60,\"caption\":\"luciaperez\"},\"logo\":{\"@id\":\"https:\/\/luciaperez.es\/#\/schema\/person\/image\/\"},\"sameAs\":[\"https:\/\/luciaperez.es\"]}]}<\/script>\n<!-- \/ Yoast SEO plugin. -->","yoast_head_json":{"title":"PROGRAMAS TV - Luc\u00eda P\u00e9rez","robots":{"index":"index","follow":"follow","max-snippet":"max-snippet:-1","max-image-preview":"max-image-preview:large","max-video-preview":"max-video-preview:-1"},"canonical":"https:\/\/luciaperez.es\/gl\/promo\/","og_locale":"gl_ES","og_type":"article","og_title":"PROGRAMAS TV - Luc\u00eda P\u00e9rez","og_description":"PROGRAMAS TV","og_url":"https:\/\/luciaperez.es\/gl\/promo\/","og_site_name":"Luc\u00eda P\u00e9rez","article_modified_time":"2024-07-15T07:09:46+00:00","og_image":[{"width":1920,"height":2560,"url":"https:\/\/luciaperez.es\/wp-content\/uploads\/2024\/02\/fj_LuPer-040-cr2-scaled.webp","type":"image\/jpeg"}],"twitter_card":"summary_large_image","twitter_misc":{"Tempo de lectura":"1 minuto"},"schema":{"@context":"https:\/\/schema.org","@graph":[{"@type":"WebPage","@id":"https:\/\/luciaperez.es\/gl\/promo\/","url":"https:\/\/luciaperez.es\/gl\/promo\/","name":"PROGRAMAS TV - Luc\u00eda P\u00e9rez","isPartOf":{"@id":"https:\/\/luciaperez.es\/#website"},"primaryImageOfPage":{"@id":"https:\/\/luciaperez.es\/gl\/promo\/#primaryimage"},"image":{"@id":"https:\/\/luciaperez.es\/gl\/promo\/#primaryimage"},"thumbnailUrl":"https:\/\/luciaperez.es\/wp-content\/uploads\/2024\/02\/fj_LuPer-040-cr2-scaled.webp","datePublished":"2024-01-31T12:32:51+00:00","dateModified":"2024-07-15T07:09:46+00:00","breadcrumb":{"@id":"https:\/\/luciaperez.es\/gl\/promo\/#breadcrumb"},"inLanguage":"gl-ES","potentialAction":[{"@type":"ReadAction","target":["https:\/\/luciaperez.es\/gl\/promo\/"]}]},{"@type":"ImageObject","inLanguage":"gl-ES","@id":"https:\/\/luciaperez.es\/gl\/promo\/#primaryimage","url":"https:\/\/luciaperez.es\/wp-content\/uploads\/2024\/02\/fj_LuPer-040-cr2-scaled.webp","contentUrl":"https:\/\/luciaperez.es\/wp-content\/uploads\/2024\/02\/fj_LuPer-040-cr2-scaled.webp","width":1920,"height":2560},{"@type":"BreadcrumbList","@id":"https:\/\/luciaperez.es\/gl\/promo\/#breadcrumb","itemListElement":[{"@type":"ListItem","position":1,"name":"Portada","item":"https:\/\/luciaperez.es\/gl\/"},{"@type":"ListItem","position":2,"name":"PROGRAMAS TV"}]},{"@type":"WebSite","@id":"https:\/\/luciaperez.es\/#website","url":"https:\/\/luciaperez.es\/","name":"Luc\u00eda Perez","description":"P\u00e1xina Oficial Luc\u00eda Perez","publisher":{"@id":"https:\/\/luciaperez.es\/#\/schema\/person\/9944af4f7a9ff0e895366d6bd1c27771"},"potentialAction":[{"@type":"SearchAction","target":{"@type":"EntryPoint","urlTemplate":"https:\/\/luciaperez.es\/?s={search_term_string}"},"query-input":{"@type":"PropertyValueSpecification","valueRequired":true,"valueName":"search_term_string"}}],"inLanguage":"gl-ES"},{"@type":["Person","Organization"],"@id":"https:\/\/luciaperez.es\/#\/schema\/person\/9944af4f7a9ff0e895366d6bd1c27771","name":"luciaperez","image":{"@type":"ImageObject","inLanguage":"gl-ES","@id":"https:\/\/luciaperez.es\/#\/schema\/person\/image\/","url":"https:\/\/luciaperez.es\/wp-content\/uploads\/2024\/02\/cropped-logo-lucia-perez.webp","contentUrl":"https:\/\/luciaperez.es\/wp-content\/uploads\/2024\/02\/cropped-logo-lucia-perez.webp","width":290,"height":60,"caption":"luciaperez"},"logo":{"@id":"https:\/\/luciaperez.es\/#\/schema\/person\/image\/"},"sameAs":["https:\/\/luciaperez.es"]}]}},"_links":{"self":[{"href":"https:\/\/luciaperez.es\/gl\/wp-json\/wp\/v2\/pages\/3060","targetHints":{"allow":["GET"]}}],"collection":[{"href":"https:\/\/luciaperez.es\/gl\/wp-json\/wp\/v2\/pages"}],"about":[{"href":"https:\/\/luciaperez.es\/gl\/wp-json\/wp\/v2\/types\/page"}],"author":[{"embeddable":true,"href":"https:\/\/luciaperez.es\/gl\/wp-json\/wp\/v2\/users\/1"}],"replies":[{"embeddable":true,"href":"https:\/\/luciaperez.es\/gl\/wp-json\/wp\/v2\/comments?post=3060"}],"version-history":[{"count":0,"href":"https:\/\/luciaperez.es\/gl\/wp-json\/wp\/v2\/pages\/3060\/revisions"}],"wp:featuredmedia":[{"embeddable":true,"href":"https:\/\/luciaperez.es\/gl\/wp-json\/wp\/v2\/media\/2583"}],"wp:attachment":[{"href":"https:\/\/luciaperez.es\/gl\/wp-json\/wp\/v2\/media?parent=3060"}],"curies":[{"name":"wp","href":"https:\/\/api.w.org\/{rel}","templated":true}]}}