{"id":3044,"date":"2024-02-01T11:59:12","date_gmt":"2024-02-01T11:59:12","guid":{"rendered":"https:\/\/luciaperez.es\/galeria\/"},"modified":"2025-02-13T10:38:28","modified_gmt":"2025-02-13T10:38:28","slug":"galeria","status":"publish","type":"page","link":"https:\/\/luciaperez.es\/gl\/galeria\/","title":{"rendered":"GALER\u00cdA"},"content":{"rendered":"\t\t<div data-elementor-type=\"wp-page\" data-elementor-id=\"3044\" class=\"elementor elementor-3044 elementor-2592\" data-elementor-post-type=\"page\">\n\t\t\t\t<div class=\"elementor-element elementor-element-56c0726b e-con-full elementor-hidden-tablet elementor-hidden-mobile e-flex e-con e-parent\" data-id=\"56c0726b\" data-element_type=\"container\" data-settings=\"{&quot;background_background&quot;:&quot;classic&quot;}\">\n\t\t\t\t<div class=\"elementor-element elementor-element-370bd404 elementor-widget__width-initial elementor-widget elementor-widget-heading\" data-id=\"370bd404\" data-element_type=\"widget\" data-widget_type=\"heading.default\">\n\t\t\t\t<div class=\"elementor-widget-container\">\n\t\t\t\t\t<h2 class=\"elementor-heading-title elementor-size-default\">galer\u00eda<\/h2>\t\t\t\t<\/div>\n\t\t\t\t<\/div>\n\t\t\t\t<\/div>\n\t\t<div class=\"elementor-element elementor-element-aab7430 e-con-full elementor-hidden-mobile elementor-hidden-desktop e-flex e-con e-parent\" data-id=\"aab7430\" data-element_type=\"container\" data-settings=\"{&quot;background_background&quot;:&quot;classic&quot;}\">\n\t\t\t\t<div class=\"elementor-element elementor-element-48e6740 elementor-widget__width-initial elementor-widget-tablet__width-initial elementor-widget elementor-widget-heading\" data-id=\"48e6740\" data-element_type=\"widget\" data-widget_type=\"heading.default\">\n\t\t\t\t<div class=\"elementor-widget-container\">\n\t\t\t\t\t<h2 class=\"elementor-heading-title elementor-size-default\">galer\u00eda<\/h2>\t\t\t\t<\/div>\n\t\t\t\t<\/div>\n\t\t\t\t<\/div>\n\t\t<div class=\"elementor-element elementor-element-325b0f0 e-con-full elementor-hidden-tablet elementor-hidden-desktop e-flex e-con e-parent\" data-id=\"325b0f0\" data-element_type=\"container\" data-settings=\"{&quot;background_background&quot;:&quot;classic&quot;}\">\n\t\t\t\t<div class=\"elementor-element elementor-element-e9617f0 elementor-widget__width-initial elementor-widget-tablet__width-initial elementor-widget elementor-widget-heading\" data-id=\"e9617f0\" data-element_type=\"widget\" data-widget_type=\"heading.default\">\n\t\t\t\t<div class=\"elementor-widget-container\">\n\t\t\t\t\t<h2 class=\"elementor-heading-title elementor-size-default\">galer\u00eda<\/h2>\t\t\t\t<\/div>\n\t\t\t\t<\/div>\n\t\t\t\t<\/div>\n\t\t<div class=\"elementor-element elementor-element-1856a0f e-flex e-con-boxed e-con e-parent\" data-id=\"1856a0f\" data-element_type=\"container\">\n\t\t\t\t\t<div class=\"e-con-inner\">\n\t\t<div class=\"elementor-element elementor-element-4e2a01c e-con-full e-flex e-con e-child\" data-id=\"4e2a01c\" data-element_type=\"container\">\n\t\t\t\t<div class=\"elementor-element elementor-element-5974c55 elementor-cta--skin-cover elementor-animated-content elementor-bg-transform elementor-bg-transform-zoom-in elementor-widget elementor-widget-call-to-action\" data-id=\"5974c55\" data-element_type=\"widget\" data-widget_type=\"call-to-action.default\">\n\t\t\t\t<div class=\"elementor-widget-container\">\n\t\t\t\t\t\t\t<a class=\"elementor-cta\" href=\"https:\/\/luciaperez.es\/gl\/promo\/\">\n\t\t\t\t\t<div class=\"elementor-cta__bg-wrapper\">\n\t\t\t\t<div class=\"elementor-cta__bg elementor-bg\" style=\"background-image: url(https:\/\/luciaperez.es\/wp-content\/uploads\/2024\/02\/fj_LuPer-040-cr2-scaled.webp);\" role=\"img\" aria-label=\"fj_LuPer-040-cr2\"><\/div>\n\t\t\t\t<div class=\"elementor-cta__bg-overlay\"><\/div>\n\t\t\t<\/div>\n\t\t\t\t\t\t\t<div class=\"elementor-cta__content\">\n\t\t\t\t\n\t\t\t\t\t\t\t\t\t<h2 class=\"elementor-cta__title elementor-cta__content-item elementor-content-item elementor-animated-item--grow\">\n\t\t\t\t\t\tPROGRAMAS TV\t\t\t\t\t<\/h2>\n\t\t\t\t\n\t\t\t\t\n\t\t\t\t\t\t\t<\/div>\n\t\t\t\t\t\t<\/a>\n\t\t\t\t\t\t<\/div>\n\t\t\t\t<\/div>\n\t\t\t\t<\/div>\n\t\t<div class=\"elementor-element elementor-element-8b2c1bb e-con-full e-flex e-con e-child\" data-id=\"8b2c1bb\" data-element_type=\"container\">\n\t\t\t\t<div class=\"elementor-element elementor-element-85516ca elementor-cta--skin-cover elementor-animated-content elementor-bg-transform elementor-bg-transform-zoom-in elementor-widget elementor-widget-call-to-action\" data-id=\"85516ca\" data-element_type=\"widget\" data-widget_type=\"call-to-action.default\">\n\t\t\t\t<div class=\"elementor-widget-container\">\n\t\t\t\t\t\t\t<a class=\"elementor-cta\" href=\"https:\/\/luciaperez.es\/gl\/concertos\/\">\n\t\t\t\t\t<div class=\"elementor-cta__bg-wrapper\">\n\t\t\t\t<div class=\"elementor-cta__bg elementor-bg\" style=\"background-image: url(https:\/\/luciaperez.es\/wp-content\/uploads\/2024\/01\/Diseno-sin-titulo-2024-01-30T105905.614.webp);\" role=\"img\" aria-label=\"lucia-bio-1\"><\/div>\n\t\t\t\t<div class=\"elementor-cta__bg-overlay\"><\/div>\n\t\t\t<\/div>\n\t\t\t\t\t\t\t<div class=\"elementor-cta__content\">\n\t\t\t\t\n\t\t\t\t\t\t\t\t\t<h2 class=\"elementor-cta__title elementor-cta__content-item elementor-content-item elementor-animated-item--grow\">\n\t\t\t\t\t\tPROGRAMAS TV\t\t\t\t\t<\/h2>\n\t\t\t\t\n\t\t\t\t\n\t\t\t\t\t\t\t<\/div>\n\t\t\t\t\t\t<\/a>\n\t\t\t\t\t\t<\/div>\n\t\t\t\t<\/div>\n\t\t\t\t<\/div>\n\t\t<div class=\"elementor-element elementor-element-f0b3fe6 e-con-full e-flex e-con e-child\" data-id=\"f0b3fe6\" data-element_type=\"container\">\n\t\t\t\t<div class=\"elementor-element elementor-element-fbb08ef elementor-cta--skin-cover elementor-animated-content elementor-bg-transform elementor-bg-transform-zoom-in elementor-widget elementor-widget-call-to-action\" data-id=\"fbb08ef\" data-element_type=\"widget\" data-widget_type=\"call-to-action.default\">\n\t\t\t\t<div class=\"elementor-widget-container\">\n\t\t\t\t\t\t\t<a class=\"elementor-cta\" href=\"https:\/\/luciaperez.es\/gl\/programas-de-tv\/\">\n\t\t\t\t\t<div class=\"elementor-cta__bg-wrapper\">\n\t\t\t\t<div class=\"elementor-cta__bg elementor-bg\" style=\"background-image: url(https:\/\/luciaperez.es\/wp-content\/uploads\/2024\/02\/DSC04030-scaled.webp);\" role=\"img\" aria-label=\"DSC04030\"><\/div>\n\t\t\t\t<div class=\"elementor-cta__bg-overlay\"><\/div>\n\t\t\t<\/div>\n\t\t\t\t\t\t\t<div class=\"elementor-cta__content\">\n\t\t\t\t\n\t\t\t\t\t\t\t\t\t<h2 class=\"elementor-cta__title elementor-cta__content-item elementor-content-item elementor-animated-item--grow\">\n\t\t\t\t\t\tPROGRAMAS TV\t\t\t\t\t<\/h2>\n\t\t\t\t\n\t\t\t\t\n\t\t\t\t\t\t\t<\/div>\n\t\t\t\t\t\t<\/a>\n\t\t\t\t\t\t<\/div>\n\t\t\t\t<\/div>\n\t\t\t\t<\/div>\n\t\t<div class=\"elementor-element elementor-element-8cbb06a e-con-full e-flex e-con e-child\" data-id=\"8cbb06a\" data-element_type=\"container\">\n\t\t\t\t<div class=\"elementor-element elementor-element-a3cb9c3 elementor-cta--skin-cover elementor-animated-content elementor-bg-transform elementor-bg-transform-zoom-in elementor-widget elementor-widget-call-to-action\" data-id=\"a3cb9c3\" data-element_type=\"widget\" data-widget_type=\"call-to-action.default\">\n\t\t\t\t<div class=\"elementor-widget-container\">\n\t\t\t\t\t\t\t<a class=\"elementor-cta\" href=\"https:\/\/luciaperez.es\/gl\/eventos\/\">\n\t\t\t\t\t<div class=\"elementor-cta__bg-wrapper\">\n\t\t\t\t<div class=\"elementor-cta__bg elementor-bg\" style=\"background-image: url(https:\/\/luciaperez.es\/wp-content\/uploads\/2024\/02\/Lucia-perez-cantante-desfile.webp);\" role=\"img\" aria-label=\"\"><\/div>\n\t\t\t\t<div class=\"elementor-cta__bg-overlay\"><\/div>\n\t\t\t<\/div>\n\t\t\t\t\t\t\t<div class=\"elementor-cta__content\">\n\t\t\t\t\n\t\t\t\t\t\t\t\t\t<h2 class=\"elementor-cta__title elementor-cta__content-item elementor-content-item elementor-animated-item--grow\">\n\t\t\t\t\t\tEVENTOS\t\t\t\t\t<\/h2>\n\t\t\t\t\n\t\t\t\t\n\t\t\t\t\t\t\t<\/div>\n\t\t\t\t\t\t<\/a>\n\t\t\t\t\t\t<\/div>\n\t\t\t\t<\/div>\n\t\t\t\t<\/div>\n\t\t<div class=\"elementor-element elementor-element-8e6e74a e-con-full e-flex e-con e-child\" data-id=\"8e6e74a\" data-element_type=\"container\">\n\t\t\t\t<div class=\"elementor-element elementor-element-27959ce elementor-cta--skin-cover elementor-animated-content elementor-bg-transform elementor-bg-transform-zoom-in elementor-widget elementor-widget-call-to-action\" data-id=\"27959ce\" data-element_type=\"widget\" data-widget_type=\"call-to-action.default\">\n\t\t\t\t<div class=\"elementor-widget-container\">\n\t\t\t\t\t\t\t<a class=\"elementor-cta\" href=\"https:\/\/luciaperez.es\/gl\/eurovision\/\">\n\t\t\t\t\t<div class=\"elementor-cta__bg-wrapper\">\n\t\t\t\t<div class=\"elementor-cta__bg elementor-bg\" style=\"background-image: url(https:\/\/luciaperez.es\/wp-content\/uploads\/2024\/02\/EUROVISION-.webp);\" role=\"img\" aria-label=\"\"><\/div>\n\t\t\t\t<div class=\"elementor-cta__bg-overlay\"><\/div>\n\t\t\t<\/div>\n\t\t\t\t\t\t\t<div class=\"elementor-cta__content\">\n\t\t\t\t\n\t\t\t\t\t\t\t\t\t<h2 class=\"elementor-cta__title elementor-cta__content-item elementor-content-item elementor-animated-item--grow\">\n\t\t\t\t\t\teurovisi\u00f3n\t\t\t\t\t<\/h2>\n\t\t\t\t\n\t\t\t\t\n\t\t\t\t\t\t\t<\/div>\n\t\t\t\t\t\t<\/a>\n\t\t\t\t\t\t<\/div>\n\t\t\t\t<\/div>\n\t\t\t\t<\/div>\n\t\t<div class=\"elementor-element elementor-element-786964f e-con-full e-flex e-con e-child\" data-id=\"786964f\" data-element_type=\"container\">\n\t\t\t\t<\/div>\n\t\t\t\t\t<\/div>\n\t\t\t\t<\/div>\n\t\t\t\t<\/div>\n\t\t","protected":false},"excerpt":{"rendered":"<p>galer\u00eda galer\u00eda galer\u00eda PROGRAMAS TV PROGRAMAS TV PROGRAMAS TV EVENTOS eurovisi\u00f3n<\/p>\n","protected":false},"author":1,"featured_media":2639,"parent":0,"menu_order":0,"comment_status":"closed","ping_status":"closed","template":"","meta":{"_kad_post_transparent":"","_kad_post_title":"hide","_kad_post_layout":"","_kad_post_sidebar_id":"","_kad_post_content_style":"","_kad_post_vertical_padding":"","_kad_post_feature":"hide","_kad_post_feature_position":"","_kad_post_header":false,"_kad_post_footer":false,"footnotes":""},"class_list":["post-3044","page","type-page","status-publish","has-post-thumbnail","hentry"],"yoast_head":"<!-- This site is optimized with the Yoast SEO plugin v24.4 - https:\/\/yoast.com\/wordpress\/plugins\/seo\/ -->\n<title>GALER\u00cdA - Luc\u00eda P\u00e9rez<\/title>\n<meta name=\"robots\" content=\"index, follow, max-snippet:-1, max-image-preview:large, max-video-preview:-1\" \/>\n<link rel=\"canonical\" href=\"https:\/\/luciaperez.es\/gl\/galeria\/\" \/>\n<meta property=\"og:locale\" content=\"gl_ES\" \/>\n<meta property=\"og:type\" content=\"article\" \/>\n<meta property=\"og:title\" content=\"GALER\u00cdA - Luc\u00eda P\u00e9rez\" \/>\n<meta property=\"og:description\" content=\"galer\u00eda galer\u00eda galer\u00eda PROGRAMAS TV PROGRAMAS TV PROGRAMAS TV EVENTOS eurovisi\u00f3n\" \/>\n<meta property=\"og:url\" content=\"https:\/\/luciaperez.es\/gl\/galeria\/\" \/>\n<meta property=\"og:site_name\" content=\"Luc\u00eda P\u00e9rez\" \/>\n<meta property=\"article:modified_time\" content=\"2025-02-13T10:38:28+00:00\" \/>\n<meta name=\"twitter:card\" content=\"summary_large_image\" \/>\n<meta name=\"twitter:label1\" content=\"Tempo de lectura\" \/>\n\t<meta name=\"twitter:data1\" content=\"1 minuto\" \/>\n<script type=\"application\/ld+json\" class=\"yoast-schema-graph\">{\"@context\":\"https:\/\/schema.org\",\"@graph\":[{\"@type\":\"WebPage\",\"@id\":\"https:\/\/luciaperez.es\/gl\/galeria\/\",\"url\":\"https:\/\/luciaperez.es\/gl\/galeria\/\",\"name\":\"GALER\u00cdA - Luc\u00eda P\u00e9rez\",\"isPartOf\":{\"@id\":\"https:\/\/luciaperez.es\/#website\"},\"primaryImageOfPage\":{\"@id\":\"https:\/\/luciaperez.es\/gl\/galeria\/#primaryimage\"},\"image\":{\"@id\":\"https:\/\/luciaperez.es\/gl\/galeria\/#primaryimage\"},\"thumbnailUrl\":\"https:\/\/luciaperez.es\/wp-content\/uploads\/2024\/02\/Diseno-sin-titulo-33.svg\",\"datePublished\":\"2024-02-01T11:59:12+00:00\",\"dateModified\":\"2025-02-13T10:38:28+00:00\",\"breadcrumb\":{\"@id\":\"https:\/\/luciaperez.es\/gl\/galeria\/#breadcrumb\"},\"inLanguage\":\"gl-ES\",\"potentialAction\":[{\"@type\":\"ReadAction\",\"target\":[\"https:\/\/luciaperez.es\/gl\/galeria\/\"]}]},{\"@type\":\"ImageObject\",\"inLanguage\":\"gl-ES\",\"@id\":\"https:\/\/luciaperez.es\/gl\/galeria\/#primaryimage\",\"url\":\"https:\/\/luciaperez.es\/wp-content\/uploads\/2024\/02\/Diseno-sin-titulo-33.svg\",\"contentUrl\":\"https:\/\/luciaperez.es\/wp-content\/uploads\/2024\/02\/Diseno-sin-titulo-33.svg\"},{\"@type\":\"BreadcrumbList\",\"@id\":\"https:\/\/luciaperez.es\/gl\/galeria\/#breadcrumb\",\"itemListElement\":[{\"@type\":\"ListItem\",\"position\":1,\"name\":\"Portada\",\"item\":\"https:\/\/luciaperez.es\/gl\/\"},{\"@type\":\"ListItem\",\"position\":2,\"name\":\"GALER\u00cdA\"}]},{\"@type\":\"WebSite\",\"@id\":\"https:\/\/luciaperez.es\/#website\",\"url\":\"https:\/\/luciaperez.es\/\",\"name\":\"Luc\u00eda Perez\",\"description\":\"P\u00e1xina Oficial Luc\u00eda Perez\",\"publisher\":{\"@id\":\"https:\/\/luciaperez.es\/#\/schema\/person\/9944af4f7a9ff0e895366d6bd1c27771\"},\"potentialAction\":[{\"@type\":\"SearchAction\",\"target\":{\"@type\":\"EntryPoint\",\"urlTemplate\":\"https:\/\/luciaperez.es\/?s={search_term_string}\"},\"query-input\":{\"@type\":\"PropertyValueSpecification\",\"valueRequired\":true,\"valueName\":\"search_term_string\"}}],\"inLanguage\":\"gl-ES\"},{\"@type\":[\"Person\",\"Organization\"],\"@id\":\"https:\/\/luciaperez.es\/#\/schema\/person\/9944af4f7a9ff0e895366d6bd1c27771\",\"name\":\"luciaperez\",\"image\":{\"@type\":\"ImageObject\",\"inLanguage\":\"gl-ES\",\"@id\":\"https:\/\/luciaperez.es\/#\/schema\/person\/image\/\",\"url\":\"https:\/\/luciaperez.es\/wp-content\/uploads\/2024\/02\/cropped-logo-lucia-perez.webp\",\"contentUrl\":\"https:\/\/luciaperez.es\/wp-content\/uploads\/2024\/02\/cropped-logo-lucia-perez.webp\",\"width\":290,\"height\":60,\"caption\":\"luciaperez\"},\"logo\":{\"@id\":\"https:\/\/luciaperez.es\/#\/schema\/person\/image\/\"},\"sameAs\":[\"https:\/\/luciaperez.es\"]}]}<\/script>\n<!-- \/ Yoast SEO plugin. -->","yoast_head_json":{"title":"GALER\u00cdA - Luc\u00eda P\u00e9rez","robots":{"index":"index","follow":"follow","max-snippet":"max-snippet:-1","max-image-preview":"max-image-preview:large","max-video-preview":"max-video-preview:-1"},"canonical":"https:\/\/luciaperez.es\/gl\/galeria\/","og_locale":"gl_ES","og_type":"article","og_title":"GALER\u00cdA - Luc\u00eda P\u00e9rez","og_description":"galer\u00eda galer\u00eda galer\u00eda PROGRAMAS TV PROGRAMAS TV PROGRAMAS TV EVENTOS eurovisi\u00f3n","og_url":"https:\/\/luciaperez.es\/gl\/galeria\/","og_site_name":"Luc\u00eda P\u00e9rez","article_modified_time":"2025-02-13T10:38:28+00:00","twitter_card":"summary_large_image","twitter_misc":{"Tempo de lectura":"1 minuto"},"schema":{"@context":"https:\/\/schema.org","@graph":[{"@type":"WebPage","@id":"https:\/\/luciaperez.es\/gl\/galeria\/","url":"https:\/\/luciaperez.es\/gl\/galeria\/","name":"GALER\u00cdA - Luc\u00eda P\u00e9rez","isPartOf":{"@id":"https:\/\/luciaperez.es\/#website"},"primaryImageOfPage":{"@id":"https:\/\/luciaperez.es\/gl\/galeria\/#primaryimage"},"image":{"@id":"https:\/\/luciaperez.es\/gl\/galeria\/#primaryimage"},"thumbnailUrl":"https:\/\/luciaperez.es\/wp-content\/uploads\/2024\/02\/Diseno-sin-titulo-33.svg","datePublished":"2024-02-01T11:59:12+00:00","dateModified":"2025-02-13T10:38:28+00:00","breadcrumb":{"@id":"https:\/\/luciaperez.es\/gl\/galeria\/#breadcrumb"},"inLanguage":"gl-ES","potentialAction":[{"@type":"ReadAction","target":["https:\/\/luciaperez.es\/gl\/galeria\/"]}]},{"@type":"ImageObject","inLanguage":"gl-ES","@id":"https:\/\/luciaperez.es\/gl\/galeria\/#primaryimage","url":"https:\/\/luciaperez.es\/wp-content\/uploads\/2024\/02\/Diseno-sin-titulo-33.svg","contentUrl":"https:\/\/luciaperez.es\/wp-content\/uploads\/2024\/02\/Diseno-sin-titulo-33.svg"},{"@type":"BreadcrumbList","@id":"https:\/\/luciaperez.es\/gl\/galeria\/#breadcrumb","itemListElement":[{"@type":"ListItem","position":1,"name":"Portada","item":"https:\/\/luciaperez.es\/gl\/"},{"@type":"ListItem","position":2,"name":"GALER\u00cdA"}]},{"@type":"WebSite","@id":"https:\/\/luciaperez.es\/#website","url":"https:\/\/luciaperez.es\/","name":"Luc\u00eda Perez","description":"P\u00e1xina Oficial Luc\u00eda Perez","publisher":{"@id":"https:\/\/luciaperez.es\/#\/schema\/person\/9944af4f7a9ff0e895366d6bd1c27771"},"potentialAction":[{"@type":"SearchAction","target":{"@type":"EntryPoint","urlTemplate":"https:\/\/luciaperez.es\/?s={search_term_string}"},"query-input":{"@type":"PropertyValueSpecification","valueRequired":true,"valueName":"search_term_string"}}],"inLanguage":"gl-ES"},{"@type":["Person","Organization"],"@id":"https:\/\/luciaperez.es\/#\/schema\/person\/9944af4f7a9ff0e895366d6bd1c27771","name":"luciaperez","image":{"@type":"ImageObject","inLanguage":"gl-ES","@id":"https:\/\/luciaperez.es\/#\/schema\/person\/image\/","url":"https:\/\/luciaperez.es\/wp-content\/uploads\/2024\/02\/cropped-logo-lucia-perez.webp","contentUrl":"https:\/\/luciaperez.es\/wp-content\/uploads\/2024\/02\/cropped-logo-lucia-perez.webp","width":290,"height":60,"caption":"luciaperez"},"logo":{"@id":"https:\/\/luciaperez.es\/#\/schema\/person\/image\/"},"sameAs":["https:\/\/luciaperez.es"]}]}},"_links":{"self":[{"href":"https:\/\/luciaperez.es\/gl\/wp-json\/wp\/v2\/pages\/3044","targetHints":{"allow":["GET"]}}],"collection":[{"href":"https:\/\/luciaperez.es\/gl\/wp-json\/wp\/v2\/pages"}],"about":[{"href":"https:\/\/luciaperez.es\/gl\/wp-json\/wp\/v2\/types\/page"}],"author":[{"embeddable":true,"href":"https:\/\/luciaperez.es\/gl\/wp-json\/wp\/v2\/users\/1"}],"replies":[{"embeddable":true,"href":"https:\/\/luciaperez.es\/gl\/wp-json\/wp\/v2\/comments?post=3044"}],"version-history":[{"count":1,"href":"https:\/\/luciaperez.es\/gl\/wp-json\/wp\/v2\/pages\/3044\/revisions"}],"predecessor-version":[{"id":3663,"href":"https:\/\/luciaperez.es\/gl\/wp-json\/wp\/v2\/pages\/3044\/revisions\/3663"}],"wp:featuredmedia":[{"embeddable":true,"href":"https:\/\/luciaperez.es\/gl\/wp-json\/wp\/v2\/media\/2639"}],"wp:attachment":[{"href":"https:\/\/luciaperez.es\/gl\/wp-json\/wp\/v2\/media?parent=3044"}],"curies":[{"name":"wp","href":"https:\/\/api.w.org\/{rel}","templated":true}]}}