{"id":2534,"date":"2024-01-30T14:42:11","date_gmt":"2024-01-30T14:42:11","guid":{"rendered":"https:\/\/luciaperez.es\/la-salida\/"},"modified":"2024-05-21T14:04:37","modified_gmt":"2024-05-21T14:04:37","slug":"la-salida","status":"publish","type":"page","link":"https:\/\/luciaperez.es\/gl\/la-salida\/","title":{"rendered":"La Salida"},"content":{"rendered":"\t\t<div data-elementor-type=\"wp-page\" data-elementor-id=\"2534\" class=\"elementor elementor-2534 elementor-1791\" data-elementor-post-type=\"page\">\n\t\t\t\t\t\t<section class=\"elementor-section elementor-top-section elementor-element elementor-element-563c526a animated-slow elementor-section-boxed elementor-section-height-default elementor-section-height-default elementor-invisible\" data-id=\"563c526a\" data-element_type=\"section\" data-settings=\"{&quot;animation&quot;:&quot;fadeIn&quot;}\">\n\t\t\t\t\t\t<div class=\"elementor-container elementor-column-gap-custom\">\n\t\t\t\t\t<div class=\"elementor-column elementor-col-100 elementor-top-column elementor-element elementor-element-60ae93c\" data-id=\"60ae93c\" data-element_type=\"column\">\n\t\t\t<div class=\"elementor-widget-wrap elementor-element-populated\">\n\t\t\t\t\t\t<div class=\"elementor-element elementor-element-51ab6a3 elementor-widget elementor-widget-heading\" data-id=\"51ab6a3\" data-element_type=\"widget\" data-widget_type=\"heading.default\">\n\t\t\t\t<div class=\"elementor-widget-container\">\n\t\t\t\t\t<h2 class=\"elementor-heading-title elementor-size-default\">la Salida<\/h2>\t\t\t\t<\/div>\n\t\t\t\t<\/div>\n\t\t\t\t<section class=\"elementor-section elementor-inner-section elementor-element elementor-element-433972c7 elementor-section-boxed elementor-section-height-default elementor-section-height-default\" data-id=\"433972c7\" data-element_type=\"section\">\n\t\t\t\t\t\t<div class=\"elementor-container elementor-column-gap-no\">\n\t\t\t\t\t<div class=\"elementor-column elementor-col-50 elementor-inner-column elementor-element elementor-element-3be6b68\" data-id=\"3be6b68\" data-element_type=\"column\">\n\t\t\t<div class=\"elementor-widget-wrap elementor-element-populated\">\n\t\t\t\t\t\t<div class=\"elementor-element elementor-element-cba153e elementor-widget elementor-widget-image\" data-id=\"cba153e\" data-element_type=\"widget\" data-widget_type=\"image.default\">\n\t\t\t\t<div class=\"elementor-widget-container\">\n\t\t\t\t\t\t\t\t\t\t\t\t\t\t\t<img fetchpriority=\"high\" decoding=\"async\" width=\"600\" height=\"600\" src=\"https:\/\/luciaperez.es\/wp-content\/uploads\/2024\/01\/Diseno-sin-titulo-2024-01-30T152806.095.webp\" class=\"attachment-large size-large wp-image-1782\" alt=\"\" srcset=\"https:\/\/luciaperez.es\/wp-content\/uploads\/2024\/01\/Diseno-sin-titulo-2024-01-30T152806.095.webp 600w, https:\/\/luciaperez.es\/wp-content\/uploads\/2024\/01\/Diseno-sin-titulo-2024-01-30T152806.095-300x300.webp 300w, https:\/\/luciaperez.es\/wp-content\/uploads\/2024\/01\/Diseno-sin-titulo-2024-01-30T152806.095-150x150.webp 150w\" sizes=\"(max-width: 600px) 100vw, 600px\" \/>\t\t\t\t\t\t\t\t\t\t\t\t\t\t\t<\/div>\n\t\t\t\t<\/div>\n\t\t\t\t<div class=\"elementor-element elementor-element-e1eca41 elementor-widget elementor-widget-spacer\" data-id=\"e1eca41\" data-element_type=\"widget\" data-widget_type=\"spacer.default\">\n\t\t\t\t<div class=\"elementor-widget-container\">\n\t\t\t\t\t\t\t<div class=\"elementor-spacer\">\n\t\t\t<div class=\"elementor-spacer-inner\"><\/div>\n\t\t<\/div>\n\t\t\t\t\t\t<\/div>\n\t\t\t\t<\/div>\n\t\t\t\t<div class=\"elementor-element elementor-element-e4cb1a9 e-grid-align-left elementor-shape-rounded elementor-grid-0 elementor-widget elementor-widget-social-icons\" data-id=\"e4cb1a9\" data-element_type=\"widget\" data-widget_type=\"social-icons.default\">\n\t\t\t\t<div class=\"elementor-widget-container\">\n\t\t\t\t\t\t\t<div class=\"elementor-social-icons-wrapper elementor-grid\" role=\"list\">\n\t\t\t\t\t\t\t<span class=\"elementor-grid-item\" role=\"listitem\">\n\t\t\t\t\t<a class=\"elementor-icon elementor-social-icon elementor-social-icon-youtube elementor-repeater-item-8c1cb56\" href=\"https:\/\/www.youtube.com\/watch?v=ZR72-k80Ep4\" target=\"_blank\">\n\t\t\t\t\t\t<span class=\"elementor-screen-only\">Youtube<\/span>\n\t\t\t\t\t\t<svg aria-hidden=\"true\" class=\"e-font-icon-svg e-fab-youtube\" viewBox=\"0 0 576 512\" xmlns=\"http:\/\/www.w3.org\/2000\/svg\"><path d=\"M549.655 124.083c-6.281-23.65-24.787-42.276-48.284-48.597C458.781 64 288 64 288 64S117.22 64 74.629 75.486c-23.497 6.322-42.003 24.947-48.284 48.597-11.412 42.867-11.412 132.305-11.412 132.305s0 89.438 11.412 132.305c6.281 23.65 24.787 41.5 48.284 47.821C117.22 448 288 448 288 448s170.78 0 213.371-11.486c23.497-6.321 42.003-24.171 48.284-47.821 11.412-42.867 11.412-132.305 11.412-132.305s0-89.438-11.412-132.305zm-317.51 213.508V175.185l142.739 81.205-142.739 81.201z\"><\/path><\/svg>\t\t\t\t\t<\/a>\n\t\t\t\t<\/span>\n\t\t\t\t\t\t\t<span class=\"elementor-grid-item\" role=\"listitem\">\n\t\t\t\t\t<a class=\"elementor-icon elementor-social-icon elementor-social-icon-spotify elementor-repeater-item-e14fd43\" href=\"https:\/\/open.spotify.com\/intl-es\/track\/2twzBmkqMJPovHLGMvOiyx?si=e29276d0b84743a1\" target=\"_blank\">\n\t\t\t\t\t\t<span class=\"elementor-screen-only\">Spotify<\/span>\n\t\t\t\t\t\t<svg aria-hidden=\"true\" class=\"e-font-icon-svg e-fab-spotify\" viewBox=\"0 0 496 512\" xmlns=\"http:\/\/www.w3.org\/2000\/svg\"><path d=\"M248 8C111.1 8 0 119.1 0 256s111.1 248 248 248 248-111.1 248-248S384.9 8 248 8zm100.7 364.9c-4.2 0-6.8-1.3-10.7-3.6-62.4-37.6-135-39.2-206.7-24.5-3.9 1-9 2.6-11.9 2.6-9.7 0-15.8-7.7-15.8-15.8 0-10.3 6.1-15.2 13.6-16.8 81.9-18.1 165.6-16.5 237 26.2 6.1 3.9 9.7 7.4 9.7 16.5s-7.1 15.4-15.2 15.4zm26.9-65.6c-5.2 0-8.7-2.3-12.3-4.2-62.5-37-155.7-51.9-238.6-29.4-4.8 1.3-7.4 2.6-11.9 2.6-10.7 0-19.4-8.7-19.4-19.4s5.2-17.8 15.5-20.7c27.8-7.8 56.2-13.6 97.8-13.6 64.9 0 127.6 16.1 177 45.5 8.1 4.8 11.3 11 11.3 19.7-.1 10.8-8.5 19.5-19.4 19.5zm31-76.2c-5.2 0-8.4-1.3-12.9-3.9-71.2-42.5-198.5-52.7-280.9-29.7-3.6 1-8.1 2.6-12.9 2.6-13.2 0-23.3-10.3-23.3-23.6 0-13.6 8.4-21.3 17.4-23.9 35.2-10.3 74.6-15.2 117.5-15.2 73 0 149.5 15.2 205.4 47.8 7.8 4.5 12.9 10.7 12.9 22.6 0 13.6-11 23.3-23.2 23.3z\"><\/path><\/svg>\t\t\t\t\t<\/a>\n\t\t\t\t<\/span>\n\t\t\t\t\t\t\t<span class=\"elementor-grid-item\" role=\"listitem\">\n\t\t\t\t\t<a class=\"elementor-icon elementor-social-icon elementor-social-icon-shopping-bag elementor-repeater-item-e277df8\" href=\"http:\/\/tienda.luciaperez.es\" target=\"_blank\">\n\t\t\t\t\t\t<span class=\"elementor-screen-only\">Shopping-bag<\/span>\n\t\t\t\t\t\t<svg aria-hidden=\"true\" class=\"e-font-icon-svg e-fas-shopping-bag\" viewBox=\"0 0 448 512\" xmlns=\"http:\/\/www.w3.org\/2000\/svg\"><path d=\"M352 160v-32C352 57.42 294.579 0 224 0 153.42 0 96 57.42 96 128v32H0v272c0 44.183 35.817 80 80 80h288c44.183 0 80-35.817 80-80V160h-96zm-192-32c0-35.29 28.71-64 64-64s64 28.71 64 64v32H160v-32zm160 120c-13.255 0-24-10.745-24-24s10.745-24 24-24 24 10.745 24 24-10.745 24-24 24zm-192 0c-13.255 0-24-10.745-24-24s10.745-24 24-24 24 10.745 24 24-10.745 24-24 24z\"><\/path><\/svg>\t\t\t\t\t<\/a>\n\t\t\t\t<\/span>\n\t\t\t\t\t<\/div>\n\t\t\t\t\t\t<\/div>\n\t\t\t\t<\/div>\n\t\t\t\t\t<\/div>\n\t\t<\/div>\n\t\t\t\t<div class=\"elementor-column elementor-col-50 elementor-inner-column elementor-element elementor-element-21fc33b2\" data-id=\"21fc33b2\" data-element_type=\"column\">\n\t\t\t<div class=\"elementor-widget-wrap elementor-element-populated\">\n\t\t\t\t\t\t<div class=\"elementor-element elementor-element-91d1482 elementor-widget elementor-widget-spacer\" data-id=\"91d1482\" data-element_type=\"widget\" data-widget_type=\"spacer.default\">\n\t\t\t\t<div class=\"elementor-widget-container\">\n\t\t\t\t\t\t\t<div class=\"elementor-spacer\">\n\t\t\t<div class=\"elementor-spacer-inner\"><\/div>\n\t\t<\/div>\n\t\t\t\t\t\t<\/div>\n\t\t\t\t<\/div>\n\t\t\t\t<div class=\"elementor-element elementor-element-1fdc9e7 elementor-widget elementor-widget-price-list\" data-id=\"1fdc9e7\" data-element_type=\"widget\" data-widget_type=\"price-list.default\">\n\t\t\t\t<div class=\"elementor-widget-container\">\n\t\t\t\t\t\n\t\t<ul class=\"elementor-price-list\">\n\n\t\t\t\t\t\t\t\t\t<li><a class=\"elementor-price-list-item\" href=\"https:\/\/open.spotify.com\/intl-es\/track\/1HmgQgyx1Fr4jAuL7Z8bo0?si=e1104475b9414249\">\t\t\t\t\n\t\t\t\t<div class=\"elementor-price-list-text\">\n\t\t\t\t\t\t\t\t\t<div class=\"elementor-price-list-header\">\n\t\t\t\t\t\t\t\t\t\t\t<span class=\"elementor-price-list-title\">\n\t\t\t\t\t\t\tLa Salida\t\t\t\t\t\t<\/span>\n\t\t\t\t\t\t\t\t\t\t\t\t\t\t\t\t\t\t<span class=\"elementor-price-list-separator\"><\/span>\n\t\t\t\t\t\t\t\t\t\t\t\t\t\t\t\t\t\t\t<span class=\"elementor-price-list-price\">2:39<\/span>\n\t\t\t\t\t\t\t\t\t\t<\/div>\n\t\t\t\t\t\t\t\t\t\t\t\t\t\t\t<p class=\"elementor-price-list-description\">\n\t\t\t\t\t\t\tLuc\u00eda P\u00e9rez\t\t\t\t\t\t<\/p>\n\t\t\t\t\t\t\t\t<\/div>\n\t\t\t\t<\/a><\/li>\t\t\t\t\t\n\t\t<\/ul>\n\n\t\t\t\t\t\t<\/div>\n\t\t\t\t<\/div>\n\t\t\t\t\t<\/div>\n\t\t<\/div>\n\t\t\t\t\t<\/div>\n\t\t<\/section>\n\t\t\t\t\t<\/div>\n\t\t<\/div>\n\t\t\t\t\t<\/div>\n\t\t<\/section>\n\t\t<div class=\"elementor-element elementor-element-1745940a e-con-full e-flex e-con e-parent\" data-id=\"1745940a\" data-element_type=\"container\">\n\t\t\t\t<\/div>\n\t\t\t\t<\/div>\n\t\t","protected":false},"excerpt":{"rendered":"<p>la Salida Youtube Spotify Shopping-bag La Salida 2:39 Luc\u00eda P\u00e9rez<\/p>\n","protected":false},"author":1,"featured_media":1124,"parent":0,"menu_order":0,"comment_status":"closed","ping_status":"closed","template":"","meta":{"_kad_post_transparent":"","_kad_post_title":"hide","_kad_post_layout":"","_kad_post_sidebar_id":"","_kad_post_content_style":"","_kad_post_vertical_padding":"","_kad_post_feature":"","_kad_post_feature_position":"","_kad_post_header":false,"_kad_post_footer":false,"footnotes":""},"class_list":["post-2534","page","type-page","status-publish","has-post-thumbnail","hentry"],"yoast_head":"<!-- This site is optimized with the Yoast SEO plugin v24.4 - https:\/\/yoast.com\/wordpress\/plugins\/seo\/ -->\n<title>La Salida - Luc\u00eda P\u00e9rez<\/title>\n<meta name=\"robots\" content=\"index, follow, max-snippet:-1, max-image-preview:large, max-video-preview:-1\" \/>\n<link rel=\"canonical\" href=\"https:\/\/luciaperez.es\/gl\/la-salida\/\" \/>\n<meta property=\"og:locale\" content=\"gl_ES\" \/>\n<meta property=\"og:type\" content=\"article\" \/>\n<meta property=\"og:title\" content=\"La Salida - Luc\u00eda P\u00e9rez\" \/>\n<meta property=\"og:description\" content=\"la Salida Youtube Spotify Shopping-bag La Salida 2:39 Luc\u00eda P\u00e9rez\" \/>\n<meta property=\"og:url\" content=\"https:\/\/luciaperez.es\/gl\/la-salida\/\" \/>\n<meta property=\"og:site_name\" content=\"Luc\u00eda P\u00e9rez\" \/>\n<meta property=\"article:modified_time\" content=\"2024-05-21T14:04:37+00:00\" \/>\n<meta property=\"og:image\" content=\"https:\/\/luciaperez.es\/wp-content\/uploads\/2023\/06\/bredcrumb.jpg\" \/>\n\t<meta property=\"og:image:width\" content=\"1903\" \/>\n\t<meta property=\"og:image:height\" content=\"400\" \/>\n\t<meta property=\"og:image:type\" content=\"image\/jpeg\" \/>\n<meta name=\"twitter:card\" content=\"summary_large_image\" \/>\n<meta name=\"twitter:label1\" content=\"Tempo de lectura\" \/>\n\t<meta name=\"twitter:data1\" content=\"1 minuto\" \/>\n<script type=\"application\/ld+json\" class=\"yoast-schema-graph\">{\"@context\":\"https:\/\/schema.org\",\"@graph\":[{\"@type\":\"WebPage\",\"@id\":\"https:\/\/luciaperez.es\/gl\/la-salida\/\",\"url\":\"https:\/\/luciaperez.es\/gl\/la-salida\/\",\"name\":\"La Salida - Luc\u00eda P\u00e9rez\",\"isPartOf\":{\"@id\":\"https:\/\/luciaperez.es\/#website\"},\"primaryImageOfPage\":{\"@id\":\"https:\/\/luciaperez.es\/gl\/la-salida\/#primaryimage\"},\"image\":{\"@id\":\"https:\/\/luciaperez.es\/gl\/la-salida\/#primaryimage\"},\"thumbnailUrl\":\"https:\/\/luciaperez.es\/wp-content\/uploads\/2023\/06\/bredcrumb.jpg\",\"datePublished\":\"2024-01-30T14:42:11+00:00\",\"dateModified\":\"2024-05-21T14:04:37+00:00\",\"breadcrumb\":{\"@id\":\"https:\/\/luciaperez.es\/gl\/la-salida\/#breadcrumb\"},\"inLanguage\":\"gl-ES\",\"potentialAction\":[{\"@type\":\"ReadAction\",\"target\":[\"https:\/\/luciaperez.es\/gl\/la-salida\/\"]}]},{\"@type\":\"ImageObject\",\"inLanguage\":\"gl-ES\",\"@id\":\"https:\/\/luciaperez.es\/gl\/la-salida\/#primaryimage\",\"url\":\"https:\/\/luciaperez.es\/wp-content\/uploads\/2023\/06\/bredcrumb.jpg\",\"contentUrl\":\"https:\/\/luciaperez.es\/wp-content\/uploads\/2023\/06\/bredcrumb.jpg\",\"width\":1903,\"height\":400},{\"@type\":\"BreadcrumbList\",\"@id\":\"https:\/\/luciaperez.es\/gl\/la-salida\/#breadcrumb\",\"itemListElement\":[{\"@type\":\"ListItem\",\"position\":1,\"name\":\"Portada\",\"item\":\"https:\/\/luciaperez.es\/gl\/\"},{\"@type\":\"ListItem\",\"position\":2,\"name\":\"La Salida\"}]},{\"@type\":\"WebSite\",\"@id\":\"https:\/\/luciaperez.es\/#website\",\"url\":\"https:\/\/luciaperez.es\/\",\"name\":\"Luc\u00eda Perez\",\"description\":\"P\u00e1xina Oficial Luc\u00eda Perez\",\"publisher\":{\"@id\":\"https:\/\/luciaperez.es\/#\/schema\/person\/9944af4f7a9ff0e895366d6bd1c27771\"},\"potentialAction\":[{\"@type\":\"SearchAction\",\"target\":{\"@type\":\"EntryPoint\",\"urlTemplate\":\"https:\/\/luciaperez.es\/?s={search_term_string}\"},\"query-input\":{\"@type\":\"PropertyValueSpecification\",\"valueRequired\":true,\"valueName\":\"search_term_string\"}}],\"inLanguage\":\"gl-ES\"},{\"@type\":[\"Person\",\"Organization\"],\"@id\":\"https:\/\/luciaperez.es\/#\/schema\/person\/9944af4f7a9ff0e895366d6bd1c27771\",\"name\":\"luciaperez\",\"image\":{\"@type\":\"ImageObject\",\"inLanguage\":\"gl-ES\",\"@id\":\"https:\/\/luciaperez.es\/#\/schema\/person\/image\/\",\"url\":\"https:\/\/luciaperez.es\/wp-content\/uploads\/2024\/02\/cropped-logo-lucia-perez.webp\",\"contentUrl\":\"https:\/\/luciaperez.es\/wp-content\/uploads\/2024\/02\/cropped-logo-lucia-perez.webp\",\"width\":290,\"height\":60,\"caption\":\"luciaperez\"},\"logo\":{\"@id\":\"https:\/\/luciaperez.es\/#\/schema\/person\/image\/\"},\"sameAs\":[\"https:\/\/luciaperez.es\"]}]}<\/script>\n<!-- \/ Yoast SEO plugin. -->","yoast_head_json":{"title":"La Salida - Luc\u00eda P\u00e9rez","robots":{"index":"index","follow":"follow","max-snippet":"max-snippet:-1","max-image-preview":"max-image-preview:large","max-video-preview":"max-video-preview:-1"},"canonical":"https:\/\/luciaperez.es\/gl\/la-salida\/","og_locale":"gl_ES","og_type":"article","og_title":"La Salida - Luc\u00eda P\u00e9rez","og_description":"la Salida Youtube Spotify Shopping-bag La Salida 2:39 Luc\u00eda P\u00e9rez","og_url":"https:\/\/luciaperez.es\/gl\/la-salida\/","og_site_name":"Luc\u00eda P\u00e9rez","article_modified_time":"2024-05-21T14:04:37+00:00","og_image":[{"width":1903,"height":400,"url":"https:\/\/luciaperez.es\/wp-content\/uploads\/2023\/06\/bredcrumb.jpg","type":"image\/jpeg"}],"twitter_card":"summary_large_image","twitter_misc":{"Tempo de lectura":"1 minuto"},"schema":{"@context":"https:\/\/schema.org","@graph":[{"@type":"WebPage","@id":"https:\/\/luciaperez.es\/gl\/la-salida\/","url":"https:\/\/luciaperez.es\/gl\/la-salida\/","name":"La Salida - Luc\u00eda P\u00e9rez","isPartOf":{"@id":"https:\/\/luciaperez.es\/#website"},"primaryImageOfPage":{"@id":"https:\/\/luciaperez.es\/gl\/la-salida\/#primaryimage"},"image":{"@id":"https:\/\/luciaperez.es\/gl\/la-salida\/#primaryimage"},"thumbnailUrl":"https:\/\/luciaperez.es\/wp-content\/uploads\/2023\/06\/bredcrumb.jpg","datePublished":"2024-01-30T14:42:11+00:00","dateModified":"2024-05-21T14:04:37+00:00","breadcrumb":{"@id":"https:\/\/luciaperez.es\/gl\/la-salida\/#breadcrumb"},"inLanguage":"gl-ES","potentialAction":[{"@type":"ReadAction","target":["https:\/\/luciaperez.es\/gl\/la-salida\/"]}]},{"@type":"ImageObject","inLanguage":"gl-ES","@id":"https:\/\/luciaperez.es\/gl\/la-salida\/#primaryimage","url":"https:\/\/luciaperez.es\/wp-content\/uploads\/2023\/06\/bredcrumb.jpg","contentUrl":"https:\/\/luciaperez.es\/wp-content\/uploads\/2023\/06\/bredcrumb.jpg","width":1903,"height":400},{"@type":"BreadcrumbList","@id":"https:\/\/luciaperez.es\/gl\/la-salida\/#breadcrumb","itemListElement":[{"@type":"ListItem","position":1,"name":"Portada","item":"https:\/\/luciaperez.es\/gl\/"},{"@type":"ListItem","position":2,"name":"La Salida"}]},{"@type":"WebSite","@id":"https:\/\/luciaperez.es\/#website","url":"https:\/\/luciaperez.es\/","name":"Luc\u00eda Perez","description":"P\u00e1xina Oficial Luc\u00eda Perez","publisher":{"@id":"https:\/\/luciaperez.es\/#\/schema\/person\/9944af4f7a9ff0e895366d6bd1c27771"},"potentialAction":[{"@type":"SearchAction","target":{"@type":"EntryPoint","urlTemplate":"https:\/\/luciaperez.es\/?s={search_term_string}"},"query-input":{"@type":"PropertyValueSpecification","valueRequired":true,"valueName":"search_term_string"}}],"inLanguage":"gl-ES"},{"@type":["Person","Organization"],"@id":"https:\/\/luciaperez.es\/#\/schema\/person\/9944af4f7a9ff0e895366d6bd1c27771","name":"luciaperez","image":{"@type":"ImageObject","inLanguage":"gl-ES","@id":"https:\/\/luciaperez.es\/#\/schema\/person\/image\/","url":"https:\/\/luciaperez.es\/wp-content\/uploads\/2024\/02\/cropped-logo-lucia-perez.webp","contentUrl":"https:\/\/luciaperez.es\/wp-content\/uploads\/2024\/02\/cropped-logo-lucia-perez.webp","width":290,"height":60,"caption":"luciaperez"},"logo":{"@id":"https:\/\/luciaperez.es\/#\/schema\/person\/image\/"},"sameAs":["https:\/\/luciaperez.es"]}]}},"_links":{"self":[{"href":"https:\/\/luciaperez.es\/gl\/wp-json\/wp\/v2\/pages\/2534","targetHints":{"allow":["GET"]}}],"collection":[{"href":"https:\/\/luciaperez.es\/gl\/wp-json\/wp\/v2\/pages"}],"about":[{"href":"https:\/\/luciaperez.es\/gl\/wp-json\/wp\/v2\/types\/page"}],"author":[{"embeddable":true,"href":"https:\/\/luciaperez.es\/gl\/wp-json\/wp\/v2\/users\/1"}],"replies":[{"embeddable":true,"href":"https:\/\/luciaperez.es\/gl\/wp-json\/wp\/v2\/comments?post=2534"}],"version-history":[{"count":0,"href":"https:\/\/luciaperez.es\/gl\/wp-json\/wp\/v2\/pages\/2534\/revisions"}],"wp:featuredmedia":[{"embeddable":true,"href":"https:\/\/luciaperez.es\/gl\/wp-json\/wp\/v2\/media\/1124"}],"wp:attachment":[{"href":"https:\/\/luciaperez.es\/gl\/wp-json\/wp\/v2\/media?parent=2534"}],"curies":[{"name":"wp","href":"https:\/\/api.w.org\/{rel}","templated":true}]}}