{"id":1773,"date":"2024-01-30T14:27:21","date_gmt":"2024-01-30T14:27:21","guid":{"rendered":"https:\/\/luciaperez.es\/?page_id=1773"},"modified":"2025-02-13T10:37:19","modified_gmt":"2025-02-13T10:37:19","slug":"musica-2","status":"publish","type":"page","link":"https:\/\/luciaperez.es\/gl\/musica-2\/","title":{"rendered":"CONCERTOS"},"content":{"rendered":"\t\t<div data-elementor-type=\"wp-page\" data-elementor-id=\"1773\" class=\"elementor elementor-1773 elementor-1772\" data-elementor-post-type=\"page\">\n\t\t\t\t<div class=\"elementor-element elementor-element-620f8b0b e-con-full elementor-hidden-tablet elementor-hidden-mobile e-flex e-con e-parent\" data-id=\"620f8b0b\" data-element_type=\"container\" data-settings=\"{&quot;background_background&quot;:&quot;classic&quot;}\">\n\t\t\t\t<div class=\"elementor-element elementor-element-31d5c67a elementor-widget elementor-widget-heading\" data-id=\"31d5c67a\" data-element_type=\"widget\" data-widget_type=\"heading.default\">\n\t\t\t\t<div class=\"elementor-widget-container\">\n\t\t\t\t\t<h2 class=\"elementor-heading-title elementor-size-default\">CONCERTOS<\/h2>\t\t\t\t<\/div>\n\t\t\t\t<\/div>\n\t\t\t\t<\/div>\n\t\t<div class=\"elementor-element elementor-element-f54811d e-con-full elementor-hidden-mobile elementor-hidden-desktop e-flex e-con e-parent\" data-id=\"f54811d\" data-element_type=\"container\" data-settings=\"{&quot;background_background&quot;:&quot;classic&quot;}\">\n\t\t\t\t<div class=\"elementor-element elementor-element-d341d25 elementor-widget elementor-widget-heading\" data-id=\"d341d25\" data-element_type=\"widget\" data-widget_type=\"heading.default\">\n\t\t\t\t<div class=\"elementor-widget-container\">\n\t\t\t\t\t<h2 class=\"elementor-heading-title elementor-size-default\">CONCERTOS<\/h2>\t\t\t\t<\/div>\n\t\t\t\t<\/div>\n\t\t\t\t<\/div>\n\t\t<div class=\"elementor-element elementor-element-c7f61b5 e-con-full elementor-hidden-tablet elementor-hidden-desktop e-flex e-con e-parent\" data-id=\"c7f61b5\" data-element_type=\"container\" data-settings=\"{&quot;background_background&quot;:&quot;classic&quot;}\">\n\t\t\t\t<div class=\"elementor-element elementor-element-288edb9 elementor-widget elementor-widget-heading\" data-id=\"288edb9\" data-element_type=\"widget\" data-widget_type=\"heading.default\">\n\t\t\t\t<div class=\"elementor-widget-container\">\n\t\t\t\t\t<h2 class=\"elementor-heading-title elementor-size-default\">CONCERTOS<\/h2>\t\t\t\t<\/div>\n\t\t\t\t<\/div>\n\t\t\t\t<\/div>\n\t\t<div class=\"elementor-element elementor-element-6a2b1c0 e-flex e-con-boxed e-con e-parent\" data-id=\"6a2b1c0\" data-element_type=\"container\">\n\t\t\t\t\t<div class=\"e-con-inner\">\n\t\t\t\t<div class=\"elementor-element elementor-element-c46ccb4 elementor-widget elementor-widget-spacer\" data-id=\"c46ccb4\" data-element_type=\"widget\" data-widget_type=\"spacer.default\">\n\t\t\t\t<div class=\"elementor-widget-container\">\n\t\t\t\t\t\t\t<div class=\"elementor-spacer\">\n\t\t\t<div class=\"elementor-spacer-inner\"><\/div>\n\t\t<\/div>\n\t\t\t\t\t\t<\/div>\n\t\t\t\t<\/div>\n\t\t\t\t\t<\/div>\n\t\t\t\t<\/div>\n\t\t<div class=\"elementor-element elementor-element-b233343 e-flex e-con-boxed e-con e-parent\" data-id=\"b233343\" data-element_type=\"container\">\n\t\t\t\t\t<div class=\"e-con-inner\">\n\t\t<div class=\"elementor-element elementor-element-4680092 e-con-full e-flex e-con e-child\" data-id=\"4680092\" data-element_type=\"container\">\n\t\t\t\t<div class=\"elementor-element elementor-element-98af344 elementor-cta--skin-cover elementor-animated-content elementor-bg-transform elementor-bg-transform-zoom-in elementor-widget elementor-widget-call-to-action\" data-id=\"98af344\" data-element_type=\"widget\" data-widget_type=\"call-to-action.default\">\n\t\t\t\t<div class=\"elementor-widget-container\">\n\t\t\t\t\t\t\t<div class=\"elementor-cta\">\n\t\t\t\t\t<div class=\"elementor-cta__bg-wrapper\">\n\t\t\t\t<div class=\"elementor-cta__bg elementor-bg\" style=\"background-image: url(https:\/\/luciaperez.es\/wp-content\/uploads\/2025\/02\/7-scaled.webp);\" role=\"img\" aria-label=\"7\"><\/div>\n\t\t\t\t<div class=\"elementor-cta__bg-overlay\"><\/div>\n\t\t\t<\/div>\n\t\t\t\t\t\t\t<div class=\"elementor-cta__content\">\n\t\t\t\t\n\t\t\t\t\t\t\t\t\t<h2 class=\"elementor-cta__title elementor-cta__content-item elementor-content-item elementor-animated-item--grow\">\n\t\t\t\t\t\ttanto\t\t\t\t\t<\/h2>\n\t\t\t\t\n\t\t\t\t\n\t\t\t\t\t\t\t\t\t<div class=\"elementor-cta__button-wrapper elementor-cta__content-item elementor-content-item elementor-animated-item--grow\">\n\t\t\t\t\t<a class=\"elementor-cta__button elementor-button elementor-size-sm\" href=\"https:\/\/luciaperez.es\/gl\/guerrera-2\/\">\n\t\t\t\t\t\tEscoita\t\t\t\t\t<\/a>\n\t\t\t\t\t<\/div>\n\t\t\t\t\t\t\t<\/div>\n\t\t\t\t\t\t<\/div>\n\t\t\t\t\t\t<\/div>\n\t\t\t\t<\/div>\n\t\t\t\t<\/div>\n\t\t<div class=\"elementor-element elementor-element-a8db0a6 e-con-full e-flex e-con e-child\" data-id=\"a8db0a6\" data-element_type=\"container\">\n\t\t\t\t<div class=\"elementor-element elementor-element-c835860 elementor-cta--skin-cover elementor-animated-content elementor-bg-transform elementor-bg-transform-zoom-in elementor-widget elementor-widget-call-to-action\" data-id=\"c835860\" data-element_type=\"widget\" data-widget_type=\"call-to-action.default\">\n\t\t\t\t<div class=\"elementor-widget-container\">\n\t\t\t\t\t\t\t<div class=\"elementor-cta\">\n\t\t\t\t\t<div class=\"elementor-cta__bg-wrapper\">\n\t\t\t\t<div class=\"elementor-cta__bg elementor-bg\" style=\"background-image: url(https:\/\/luciaperez.es\/wp-content\/uploads\/2024\/01\/Diseno-sin-titulo-22.svg);\" role=\"img\" aria-label=\"single-1\"><\/div>\n\t\t\t\t<div class=\"elementor-cta__bg-overlay\"><\/div>\n\t\t\t<\/div>\n\t\t\t\t\t\t\t<div class=\"elementor-cta__content\">\n\t\t\t\t\n\t\t\t\t\t\t\t\t\t<h2 class=\"elementor-cta__title elementor-cta__content-item elementor-content-item elementor-animated-item--grow\">\n\t\t\t\t\t\tGUERRERA\t\t\t\t\t<\/h2>\n\t\t\t\t\n\t\t\t\t\n\t\t\t\t\t\t\t\t\t<div class=\"elementor-cta__button-wrapper elementor-cta__content-item elementor-content-item elementor-animated-item--grow\">\n\t\t\t\t\t<a class=\"elementor-cta__button elementor-button elementor-size-sm\" href=\"https:\/\/luciaperez.es\/gl\/guerrera\/\">\n\t\t\t\t\t\tEscoita\t\t\t\t\t<\/a>\n\t\t\t\t\t<\/div>\n\t\t\t\t\t\t\t<\/div>\n\t\t\t\t\t\t<\/div>\n\t\t\t\t\t\t<\/div>\n\t\t\t\t<\/div>\n\t\t\t\t<\/div>\n\t\t<div class=\"elementor-element elementor-element-5150e74 e-con-full e-flex e-con e-child\" data-id=\"5150e74\" data-element_type=\"container\">\n\t\t\t\t<div class=\"elementor-element elementor-element-6591bf2 elementor-cta--skin-cover elementor-animated-content elementor-bg-transform elementor-bg-transform-zoom-in elementor-widget elementor-widget-call-to-action\" data-id=\"6591bf2\" data-element_type=\"widget\" data-widget_type=\"call-to-action.default\">\n\t\t\t\t<div class=\"elementor-widget-container\">\n\t\t\t\t\t\t\t<div class=\"elementor-cta\">\n\t\t\t\t\t<div class=\"elementor-cta__bg-wrapper\">\n\t\t\t\t<div class=\"elementor-cta__bg elementor-bg\" style=\"background-image: url(https:\/\/luciaperez.es\/wp-content\/uploads\/2024\/01\/Diseno-sin-titulo-2024-01-30T152806.095.webp);\" role=\"img\" aria-label=\"single-2\"><\/div>\n\t\t\t\t<div class=\"elementor-cta__bg-overlay\"><\/div>\n\t\t\t<\/div>\n\t\t\t\t\t\t\t<div class=\"elementor-cta__content\">\n\t\t\t\t\n\t\t\t\t\t\t\t\t\t<h2 class=\"elementor-cta__title elementor-cta__content-item elementor-content-item elementor-animated-item--grow\">\n\t\t\t\t\t\tLA SALIDA\t\t\t\t\t<\/h2>\n\t\t\t\t\n\t\t\t\t\n\t\t\t\t\t\t\t\t\t<div class=\"elementor-cta__button-wrapper elementor-cta__content-item elementor-content-item elementor-animated-item--grow\">\n\t\t\t\t\t<a class=\"elementor-cta__button elementor-button elementor-size-sm\" href=\"https:\/\/luciaperez.es\/gl\/la-salida\/\">\n\t\t\t\t\t\tEscoita\t\t\t\t\t<\/a>\n\t\t\t\t\t<\/div>\n\t\t\t\t\t\t\t<\/div>\n\t\t\t\t\t\t<\/div>\n\t\t\t\t\t\t<\/div>\n\t\t\t\t<\/div>\n\t\t\t\t<\/div>\n\t\t<div class=\"elementor-element elementor-element-488398b e-con-full e-flex e-con e-child\" data-id=\"488398b\" data-element_type=\"container\">\n\t\t\t\t<div class=\"elementor-element elementor-element-6e8c487 elementor-cta--skin-cover elementor-animated-content elementor-bg-transform elementor-bg-transform-zoom-in elementor-widget elementor-widget-call-to-action\" data-id=\"6e8c487\" data-element_type=\"widget\" data-widget_type=\"call-to-action.default\">\n\t\t\t\t<div class=\"elementor-widget-container\">\n\t\t\t\t\t\t\t<div class=\"elementor-cta\">\n\t\t\t\t\t<div class=\"elementor-cta__bg-wrapper\">\n\t\t\t\t<div class=\"elementor-cta__bg elementor-bg\" style=\"background-image: url(https:\/\/luciaperez.es\/wp-content\/uploads\/2024\/01\/Diseno-sin-titulo-2024-01-30T152830.199.webp);\" role=\"img\" aria-label=\"single-3\"><\/div>\n\t\t\t\t<div class=\"elementor-cta__bg-overlay\"><\/div>\n\t\t\t<\/div>\n\t\t\t\t\t\t\t<div class=\"elementor-cta__content\">\n\t\t\t\t\n\t\t\t\t\t\t\t\t\t<h2 class=\"elementor-cta__title elementor-cta__content-item elementor-content-item elementor-animated-item--grow\">\n\t\t\t\t\t\tYO TE PROMETO\t\t\t\t\t<\/h2>\n\t\t\t\t\n\t\t\t\t\n\t\t\t\t\t\t\t\t\t<div class=\"elementor-cta__button-wrapper elementor-cta__content-item elementor-content-item elementor-animated-item--grow\">\n\t\t\t\t\t<a class=\"elementor-cta__button elementor-button elementor-size-sm\" href=\"https:\/\/luciaperez.es\/gl\/yo-te-prometo\/\">\n\t\t\t\t\t\tEscoita\t\t\t\t\t<\/a>\n\t\t\t\t\t<\/div>\n\t\t\t\t\t\t\t<\/div>\n\t\t\t\t\t\t<\/div>\n\t\t\t\t\t\t<\/div>\n\t\t\t\t<\/div>\n\t\t\t\t<\/div>\n\t\t<div class=\"elementor-element elementor-element-5677de9 e-con-full e-flex e-con e-child\" data-id=\"5677de9\" data-element_type=\"container\">\n\t\t\t\t<div class=\"elementor-element elementor-element-58af931 elementor-cta--skin-cover elementor-animated-content elementor-bg-transform elementor-bg-transform-zoom-in elementor-widget elementor-widget-call-to-action\" data-id=\"58af931\" data-element_type=\"widget\" data-widget_type=\"call-to-action.default\">\n\t\t\t\t<div class=\"elementor-widget-container\">\n\t\t\t\t\t\t\t<div class=\"elementor-cta\">\n\t\t\t\t\t<div class=\"elementor-cta__bg-wrapper\">\n\t\t\t\t<div class=\"elementor-cta__bg elementor-bg\" style=\"background-image: url(https:\/\/luciaperez.es\/wp-content\/uploads\/2024\/01\/Diseno-sin-titulo-2024-01-30T152912.653.webp);\" role=\"img\" aria-label=\"single-4\"><\/div>\n\t\t\t\t<div class=\"elementor-cta__bg-overlay\"><\/div>\n\t\t\t<\/div>\n\t\t\t\t\t\t\t<div class=\"elementor-cta__content\">\n\t\t\t\t\n\t\t\t\t\t\t\t\t\t<h2 class=\"elementor-cta__title elementor-cta__content-item elementor-content-item elementor-animated-item--grow\">\n\t\t\t\t\t\tLA PEN\u00daLTIMA\t\t\t\t\t<\/h2>\n\t\t\t\t\n\t\t\t\t\n\t\t\t\t\t\t\t\t\t<div class=\"elementor-cta__button-wrapper elementor-cta__content-item elementor-content-item elementor-animated-item--grow\">\n\t\t\t\t\t<a class=\"elementor-cta__button elementor-button elementor-size-sm\" href=\"https:\/\/luciaperez.es\/gl\/la-penultima\/\">\n\t\t\t\t\t\tEscoita\t\t\t\t\t<\/a>\n\t\t\t\t\t<\/div>\n\t\t\t\t\t\t\t<\/div>\n\t\t\t\t\t\t<\/div>\n\t\t\t\t\t\t<\/div>\n\t\t\t\t<\/div>\n\t\t\t\t<\/div>\n\t\t<div class=\"elementor-element elementor-element-c01771b e-con-full e-flex e-con e-child\" data-id=\"c01771b\" data-element_type=\"container\">\n\t\t\t\t<div class=\"elementor-element elementor-element-71ccc99 elementor-cta--skin-cover elementor-animated-content elementor-bg-transform elementor-bg-transform-zoom-in elementor-widget elementor-widget-call-to-action\" data-id=\"71ccc99\" data-element_type=\"widget\" data-widget_type=\"call-to-action.default\">\n\t\t\t\t<div class=\"elementor-widget-container\">\n\t\t\t\t\t\t\t<div class=\"elementor-cta\">\n\t\t\t\t\t<div class=\"elementor-cta__bg-wrapper\">\n\t\t\t\t<div class=\"elementor-cta__bg elementor-bg\" style=\"background-image: url(https:\/\/luciaperez.es\/wp-content\/uploads\/2024\/01\/Diseno-sin-titulo-2024-01-30T152843.384.webp);\" role=\"img\" aria-label=\"single-5\"><\/div>\n\t\t\t\t<div class=\"elementor-cta__bg-overlay\"><\/div>\n\t\t\t<\/div>\n\t\t\t\t\t\t\t<div class=\"elementor-cta__content\">\n\t\t\t\t\n\t\t\t\t\t\t\t\t\t<h2 class=\"elementor-cta__title elementor-cta__content-item elementor-content-item elementor-animated-item--grow\">\n\t\t\t\t\t\tSEMENTEIRA\t\t\t\t\t<\/h2>\n\t\t\t\t\n\t\t\t\t\n\t\t\t\t\t\t\t\t\t<div class=\"elementor-cta__button-wrapper elementor-cta__content-item elementor-content-item elementor-animated-item--grow\">\n\t\t\t\t\t<a class=\"elementor-cta__button elementor-button elementor-size-sm\" href=\"https:\/\/luciaperez.es\/gl\/sementeira\/\">\n\t\t\t\t\t\tEscoita\t\t\t\t\t<\/a>\n\t\t\t\t\t<\/div>\n\t\t\t\t\t\t\t<\/div>\n\t\t\t\t\t\t<\/div>\n\t\t\t\t\t\t<\/div>\n\t\t\t\t<\/div>\n\t\t\t\t<\/div>\n\t\t<div class=\"elementor-element elementor-element-72cc97c e-con-full e-flex e-con e-child\" data-id=\"72cc97c\" data-element_type=\"container\">\n\t\t\t\t<div class=\"elementor-element elementor-element-6780183 elementor-cta--skin-cover elementor-animated-content elementor-bg-transform elementor-bg-transform-zoom-in elementor-widget elementor-widget-call-to-action\" data-id=\"6780183\" data-element_type=\"widget\" data-widget_type=\"call-to-action.default\">\n\t\t\t\t<div class=\"elementor-widget-container\">\n\t\t\t\t\t\t\t<div class=\"elementor-cta\">\n\t\t\t\t\t<div class=\"elementor-cta__bg-wrapper\">\n\t\t\t\t<div class=\"elementor-cta__bg elementor-bg\" style=\"background-image: url(https:\/\/luciaperez.es\/wp-content\/uploads\/2024\/01\/Diseno-sin-titulo-2024-01-30T152754.542.webp);\" role=\"img\" aria-label=\"single-6\"><\/div>\n\t\t\t\t<div class=\"elementor-cta__bg-overlay\"><\/div>\n\t\t\t<\/div>\n\t\t\t\t\t\t\t<div class=\"elementor-cta__content\">\n\t\t\t\t\n\t\t\t\t\t\t\t\t\t<h2 class=\"elementor-cta__title elementor-cta__content-item elementor-content-item elementor-animated-item--grow\">\n\t\t\t\t\t\tNA MI\u00d1A PEL\t\t\t\t\t<\/h2>\n\t\t\t\t\n\t\t\t\t\n\t\t\t\t\t\t\t\t\t<div class=\"elementor-cta__button-wrapper elementor-cta__content-item elementor-content-item elementor-animated-item--grow\">\n\t\t\t\t\t<a class=\"elementor-cta__button elementor-button elementor-size-sm\" href=\"https:\/\/luciaperez.es\/gl\/na-mina-pel\/\">\n\t\t\t\t\t\tEscoita\t\t\t\t\t<\/a>\n\t\t\t\t\t<\/div>\n\t\t\t\t\t\t\t<\/div>\n\t\t\t\t\t\t<\/div>\n\t\t\t\t\t\t<\/div>\n\t\t\t\t<\/div>\n\t\t\t\t<\/div>\n\t\t\t\t\t<\/div>\n\t\t\t\t<\/div>\n\t\t<div class=\"elementor-element elementor-element-15bd27a4 e-con-full e-flex e-con e-parent\" data-id=\"15bd27a4\" data-element_type=\"container\">\n\t\t\t\t<\/div>\n\t\t<div class=\"elementor-element elementor-element-1d9db0a e-flex e-con-boxed e-con e-parent\" data-id=\"1d9db0a\" data-element_type=\"container\">\n\t\t\t\t\t<div class=\"e-con-inner\">\n\t\t\t\t<div class=\"elementor-element elementor-element-a2937c4 elementor-widget elementor-widget-spacer\" data-id=\"a2937c4\" data-element_type=\"widget\" data-widget_type=\"spacer.default\">\n\t\t\t\t<div class=\"elementor-widget-container\">\n\t\t\t\t\t\t\t<div class=\"elementor-spacer\">\n\t\t\t<div class=\"elementor-spacer-inner\"><\/div>\n\t\t<\/div>\n\t\t\t\t\t\t<\/div>\n\t\t\t\t<\/div>\n\t\t\t\t\t<\/div>\n\t\t\t\t<\/div>\n\t\t\t\t<\/div>\n\t\t","protected":false},"excerpt":{"rendered":"<p>CONCERTOS CONCERTOS CONCERTOS tanto Escoita GUERRERA Escoita LA SALIDA Escoita YO TE PROMETO Escoita LA PEN\u00daLTIMA Escoita SEMENTEIRA Escoita NA MI\u00d1A PEL Escoita ABIERTA CONTRATACI\u00d3N DISFRUTA LAS \u00daLTIMAS CANCIONES Y MUCHO M\u00c1S aBIERTA CONTRATACI\u00d3N CONTACTAR<\/p>\n","protected":false},"author":1,"featured_media":2703,"parent":0,"menu_order":0,"comment_status":"closed","ping_status":"closed","template":"","meta":{"_kad_post_transparent":"","_kad_post_title":"hide","_kad_post_layout":"","_kad_post_sidebar_id":"","_kad_post_content_style":"","_kad_post_vertical_padding":"","_kad_post_feature":"hide","_kad_post_feature_position":"","_kad_post_header":false,"_kad_post_footer":false,"footnotes":""},"class_list":["post-1773","page","type-page","status-publish","has-post-thumbnail","hentry"],"yoast_head":"<!-- This site is optimized with the Yoast SEO plugin v24.4 - https:\/\/yoast.com\/wordpress\/plugins\/seo\/ -->\n<title>CONCERTOS - Luc\u00eda P\u00e9rez<\/title>\n<meta name=\"robots\" content=\"index, follow, max-snippet:-1, max-image-preview:large, max-video-preview:-1\" \/>\n<link rel=\"canonical\" href=\"https:\/\/luciaperez.es\/gl\/musica-2\/\" \/>\n<meta property=\"og:locale\" content=\"gl_ES\" \/>\n<meta property=\"og:type\" content=\"article\" \/>\n<meta property=\"og:title\" content=\"CONCERTOS - Luc\u00eda P\u00e9rez\" \/>\n<meta property=\"og:description\" content=\"CONCERTOS CONCERTOS CONCERTOS tanto Escoita GUERRERA Escoita LA SALIDA Escoita YO TE PROMETO Escoita LA PEN\u00daLTIMA Escoita SEMENTEIRA Escoita NA MI\u00d1A PEL Escoita ABIERTA CONTRATACI\u00d3N DISFRUTA LAS \u00daLTIMAS CANCIONES Y MUCHO M\u00c1S aBIERTA CONTRATACI\u00d3N CONTACTAR\" \/>\n<meta property=\"og:url\" content=\"https:\/\/luciaperez.es\/gl\/musica-2\/\" \/>\n<meta property=\"og:site_name\" content=\"Luc\u00eda P\u00e9rez\" \/>\n<meta property=\"article:modified_time\" content=\"2025-02-13T10:37:19+00:00\" \/>\n<meta name=\"twitter:card\" content=\"summary_large_image\" \/>\n<meta name=\"twitter:label1\" content=\"Tempo de lectura\" \/>\n\t<meta name=\"twitter:data1\" content=\"1 minuto\" \/>\n<script type=\"application\/ld+json\" class=\"yoast-schema-graph\">{\"@context\":\"https:\/\/schema.org\",\"@graph\":[{\"@type\":\"WebPage\",\"@id\":\"https:\/\/luciaperez.es\/gl\/musica-2\/\",\"url\":\"https:\/\/luciaperez.es\/gl\/musica-2\/\",\"name\":\"CONCERTOS - Luc\u00eda P\u00e9rez\",\"isPartOf\":{\"@id\":\"https:\/\/luciaperez.es\/#website\"},\"primaryImageOfPage\":{\"@id\":\"https:\/\/luciaperez.es\/gl\/musica-2\/#primaryimage\"},\"image\":{\"@id\":\"https:\/\/luciaperez.es\/gl\/musica-2\/#primaryimage\"},\"thumbnailUrl\":\"https:\/\/luciaperez.es\/wp-content\/uploads\/2024\/02\/Diseno-sin-titulo-51.svg\",\"datePublished\":\"2024-01-30T14:27:21+00:00\",\"dateModified\":\"2025-02-13T10:37:19+00:00\",\"breadcrumb\":{\"@id\":\"https:\/\/luciaperez.es\/gl\/musica-2\/#breadcrumb\"},\"inLanguage\":\"gl-ES\",\"potentialAction\":[{\"@type\":\"ReadAction\",\"target\":[\"https:\/\/luciaperez.es\/gl\/musica-2\/\"]}]},{\"@type\":\"ImageObject\",\"inLanguage\":\"gl-ES\",\"@id\":\"https:\/\/luciaperez.es\/gl\/musica-2\/#primaryimage\",\"url\":\"https:\/\/luciaperez.es\/wp-content\/uploads\/2024\/02\/Diseno-sin-titulo-51.svg\",\"contentUrl\":\"https:\/\/luciaperez.es\/wp-content\/uploads\/2024\/02\/Diseno-sin-titulo-51.svg\",\"width\":1160,\"height\":300},{\"@type\":\"BreadcrumbList\",\"@id\":\"https:\/\/luciaperez.es\/gl\/musica-2\/#breadcrumb\",\"itemListElement\":[{\"@type\":\"ListItem\",\"position\":1,\"name\":\"Portada\",\"item\":\"https:\/\/luciaperez.es\/gl\/\"},{\"@type\":\"ListItem\",\"position\":2,\"name\":\"CONCERTOS\"}]},{\"@type\":\"WebSite\",\"@id\":\"https:\/\/luciaperez.es\/#website\",\"url\":\"https:\/\/luciaperez.es\/\",\"name\":\"Luc\u00eda Perez\",\"description\":\"P\u00e1xina Oficial Luc\u00eda Perez\",\"publisher\":{\"@id\":\"https:\/\/luciaperez.es\/#\/schema\/person\/9944af4f7a9ff0e895366d6bd1c27771\"},\"potentialAction\":[{\"@type\":\"SearchAction\",\"target\":{\"@type\":\"EntryPoint\",\"urlTemplate\":\"https:\/\/luciaperez.es\/?s={search_term_string}\"},\"query-input\":{\"@type\":\"PropertyValueSpecification\",\"valueRequired\":true,\"valueName\":\"search_term_string\"}}],\"inLanguage\":\"gl-ES\"},{\"@type\":[\"Person\",\"Organization\"],\"@id\":\"https:\/\/luciaperez.es\/#\/schema\/person\/9944af4f7a9ff0e895366d6bd1c27771\",\"name\":\"luciaperez\",\"image\":{\"@type\":\"ImageObject\",\"inLanguage\":\"gl-ES\",\"@id\":\"https:\/\/luciaperez.es\/#\/schema\/person\/image\/\",\"url\":\"https:\/\/luciaperez.es\/wp-content\/uploads\/2024\/02\/cropped-logo-lucia-perez.webp\",\"contentUrl\":\"https:\/\/luciaperez.es\/wp-content\/uploads\/2024\/02\/cropped-logo-lucia-perez.webp\",\"width\":290,\"height\":60,\"caption\":\"luciaperez\"},\"logo\":{\"@id\":\"https:\/\/luciaperez.es\/#\/schema\/person\/image\/\"},\"sameAs\":[\"https:\/\/luciaperez.es\"]}]}<\/script>\n<!-- \/ Yoast SEO plugin. -->","yoast_head_json":{"title":"CONCERTOS - Luc\u00eda P\u00e9rez","robots":{"index":"index","follow":"follow","max-snippet":"max-snippet:-1","max-image-preview":"max-image-preview:large","max-video-preview":"max-video-preview:-1"},"canonical":"https:\/\/luciaperez.es\/gl\/musica-2\/","og_locale":"gl_ES","og_type":"article","og_title":"CONCERTOS - Luc\u00eda P\u00e9rez","og_description":"CONCERTOS CONCERTOS CONCERTOS tanto Escoita GUERRERA Escoita LA SALIDA Escoita YO TE PROMETO Escoita LA PEN\u00daLTIMA Escoita SEMENTEIRA Escoita NA MI\u00d1A PEL Escoita ABIERTA CONTRATACI\u00d3N DISFRUTA LAS \u00daLTIMAS CANCIONES Y MUCHO M\u00c1S aBIERTA CONTRATACI\u00d3N CONTACTAR","og_url":"https:\/\/luciaperez.es\/gl\/musica-2\/","og_site_name":"Luc\u00eda P\u00e9rez","article_modified_time":"2025-02-13T10:37:19+00:00","twitter_card":"summary_large_image","twitter_misc":{"Tempo de lectura":"1 minuto"},"schema":{"@context":"https:\/\/schema.org","@graph":[{"@type":"WebPage","@id":"https:\/\/luciaperez.es\/gl\/musica-2\/","url":"https:\/\/luciaperez.es\/gl\/musica-2\/","name":"CONCERTOS - Luc\u00eda P\u00e9rez","isPartOf":{"@id":"https:\/\/luciaperez.es\/#website"},"primaryImageOfPage":{"@id":"https:\/\/luciaperez.es\/gl\/musica-2\/#primaryimage"},"image":{"@id":"https:\/\/luciaperez.es\/gl\/musica-2\/#primaryimage"},"thumbnailUrl":"https:\/\/luciaperez.es\/wp-content\/uploads\/2024\/02\/Diseno-sin-titulo-51.svg","datePublished":"2024-01-30T14:27:21+00:00","dateModified":"2025-02-13T10:37:19+00:00","breadcrumb":{"@id":"https:\/\/luciaperez.es\/gl\/musica-2\/#breadcrumb"},"inLanguage":"gl-ES","potentialAction":[{"@type":"ReadAction","target":["https:\/\/luciaperez.es\/gl\/musica-2\/"]}]},{"@type":"ImageObject","inLanguage":"gl-ES","@id":"https:\/\/luciaperez.es\/gl\/musica-2\/#primaryimage","url":"https:\/\/luciaperez.es\/wp-content\/uploads\/2024\/02\/Diseno-sin-titulo-51.svg","contentUrl":"https:\/\/luciaperez.es\/wp-content\/uploads\/2024\/02\/Diseno-sin-titulo-51.svg","width":1160,"height":300},{"@type":"BreadcrumbList","@id":"https:\/\/luciaperez.es\/gl\/musica-2\/#breadcrumb","itemListElement":[{"@type":"ListItem","position":1,"name":"Portada","item":"https:\/\/luciaperez.es\/gl\/"},{"@type":"ListItem","position":2,"name":"CONCERTOS"}]},{"@type":"WebSite","@id":"https:\/\/luciaperez.es\/#website","url":"https:\/\/luciaperez.es\/","name":"Luc\u00eda Perez","description":"P\u00e1xina Oficial Luc\u00eda Perez","publisher":{"@id":"https:\/\/luciaperez.es\/#\/schema\/person\/9944af4f7a9ff0e895366d6bd1c27771"},"potentialAction":[{"@type":"SearchAction","target":{"@type":"EntryPoint","urlTemplate":"https:\/\/luciaperez.es\/?s={search_term_string}"},"query-input":{"@type":"PropertyValueSpecification","valueRequired":true,"valueName":"search_term_string"}}],"inLanguage":"gl-ES"},{"@type":["Person","Organization"],"@id":"https:\/\/luciaperez.es\/#\/schema\/person\/9944af4f7a9ff0e895366d6bd1c27771","name":"luciaperez","image":{"@type":"ImageObject","inLanguage":"gl-ES","@id":"https:\/\/luciaperez.es\/#\/schema\/person\/image\/","url":"https:\/\/luciaperez.es\/wp-content\/uploads\/2024\/02\/cropped-logo-lucia-perez.webp","contentUrl":"https:\/\/luciaperez.es\/wp-content\/uploads\/2024\/02\/cropped-logo-lucia-perez.webp","width":290,"height":60,"caption":"luciaperez"},"logo":{"@id":"https:\/\/luciaperez.es\/#\/schema\/person\/image\/"},"sameAs":["https:\/\/luciaperez.es"]}]}},"_links":{"self":[{"href":"https:\/\/luciaperez.es\/gl\/wp-json\/wp\/v2\/pages\/1773","targetHints":{"allow":["GET"]}}],"collection":[{"href":"https:\/\/luciaperez.es\/gl\/wp-json\/wp\/v2\/pages"}],"about":[{"href":"https:\/\/luciaperez.es\/gl\/wp-json\/wp\/v2\/types\/page"}],"author":[{"embeddable":true,"href":"https:\/\/luciaperez.es\/gl\/wp-json\/wp\/v2\/users\/1"}],"replies":[{"embeddable":true,"href":"https:\/\/luciaperez.es\/gl\/wp-json\/wp\/v2\/comments?post=1773"}],"version-history":[{"count":1,"href":"https:\/\/luciaperez.es\/gl\/wp-json\/wp\/v2\/pages\/1773\/revisions"}],"predecessor-version":[{"id":3660,"href":"https:\/\/luciaperez.es\/gl\/wp-json\/wp\/v2\/pages\/1773\/revisions\/3660"}],"wp:featuredmedia":[{"embeddable":true,"href":"https:\/\/luciaperez.es\/gl\/wp-json\/wp\/v2\/media\/2703"}],"wp:attachment":[{"href":"https:\/\/luciaperez.es\/gl\/wp-json\/wp\/v2\/media?parent=1773"}],"curies":[{"name":"wp","href":"https:\/\/api.w.org\/{rel}","templated":true}]}}