{"id":1268,"date":"2023-06-07T08:46:10","date_gmt":"2023-06-07T08:46:10","guid":{"rendered":"https:\/\/luciaperez.es\/contacto\/"},"modified":"2024-03-15T12:09:48","modified_gmt":"2024-03-15T12:09:48","slug":"contacto","status":"publish","type":"page","link":"https:\/\/luciaperez.es\/gl\/contacto\/","title":{"rendered":"CONTACTO"},"content":{"rendered":"\t\t<div data-elementor-type=\"wp-page\" data-elementor-id=\"1268\" class=\"elementor elementor-1268 elementor-439\" data-elementor-post-type=\"page\">\n\t\t\t\t<div class=\"elementor-element elementor-element-30d2ce76 e-con-full elementor-hidden-tablet elementor-hidden-mobile e-flex e-con e-parent\" data-id=\"30d2ce76\" data-element_type=\"container\" data-settings=\"{&quot;background_background&quot;:&quot;classic&quot;}\">\n\t\t\t\t<div class=\"elementor-element elementor-element-acbffa3 elementor-widget elementor-widget-heading\" data-id=\"acbffa3\" data-element_type=\"widget\" data-widget_type=\"heading.default\">\n\t\t\t\t<div class=\"elementor-widget-container\">\n\t\t\t\t\t<h2 class=\"elementor-heading-title elementor-size-default\">CONTACTO<\/h2>\t\t\t\t<\/div>\n\t\t\t\t<\/div>\n\t\t\t\t<\/div>\n\t\t<div class=\"elementor-element elementor-element-cbeaef0 e-con-full elementor-hidden-mobile elementor-hidden-desktop e-flex e-con e-parent\" data-id=\"cbeaef0\" data-element_type=\"container\" data-settings=\"{&quot;background_background&quot;:&quot;classic&quot;}\">\n\t\t\t\t<div class=\"elementor-element elementor-element-ff3fcfe elementor-widget elementor-widget-heading\" data-id=\"ff3fcfe\" data-element_type=\"widget\" data-widget_type=\"heading.default\">\n\t\t\t\t<div class=\"elementor-widget-container\">\n\t\t\t\t\t<h2 class=\"elementor-heading-title elementor-size-default\">CONTACTO<\/h2>\t\t\t\t<\/div>\n\t\t\t\t<\/div>\n\t\t\t\t<\/div>\n\t\t<div class=\"elementor-element elementor-element-15fa77c e-con-full elementor-hidden-tablet elementor-hidden-desktop e-flex e-con e-parent\" data-id=\"15fa77c\" data-element_type=\"container\" data-settings=\"{&quot;background_background&quot;:&quot;classic&quot;}\">\n\t\t\t\t<div class=\"elementor-element elementor-element-a29a166 elementor-widget elementor-widget-heading\" data-id=\"a29a166\" data-element_type=\"widget\" data-widget_type=\"heading.default\">\n\t\t\t\t<div class=\"elementor-widget-container\">\n\t\t\t\t\t<h2 class=\"elementor-heading-title elementor-size-default\">CONTACTO<\/h2>\t\t\t\t<\/div>\n\t\t\t\t<\/div>\n\t\t\t\t<\/div>\n\t\t<div class=\"elementor-element elementor-element-da573e3 e-flex e-con-boxed e-con e-parent\" data-id=\"da573e3\" data-element_type=\"container\">\n\t\t\t\t\t<div class=\"e-con-inner\">\n\t\t<div class=\"elementor-element elementor-element-72228e1 e-con-full e-flex e-con e-child\" data-id=\"72228e1\" data-element_type=\"container\">\n\t\t\t\t<div class=\"elementor-element elementor-element-c08dc9a elementor-widget elementor-widget-spacer\" data-id=\"c08dc9a\" data-element_type=\"widget\" data-widget_type=\"spacer.default\">\n\t\t\t\t<div class=\"elementor-widget-container\">\n\t\t\t\t\t\t\t<div class=\"elementor-spacer\">\n\t\t\t<div class=\"elementor-spacer-inner\"><\/div>\n\t\t<\/div>\n\t\t\t\t\t\t<\/div>\n\t\t\t\t<\/div>\n\t\t\t\t<div class=\"elementor-element elementor-element-2291107 elementor-widget elementor-widget-heading\" data-id=\"2291107\" data-element_type=\"widget\" data-widget_type=\"heading.default\">\n\t\t\t\t<div class=\"elementor-widget-container\">\n\t\t\t\t\t<h2 class=\"elementor-heading-title elementor-size-default\">Informaci\u00f3n de contacto<\/h2>\t\t\t\t<\/div>\n\t\t\t\t<\/div>\n\t\t\t\t<div class=\"elementor-element elementor-element-71f37e1 elementor-widget-mobile__width-initial elementor-hidden-mobile elementor-widget elementor-widget-heading\" data-id=\"71f37e1\" data-element_type=\"widget\" data-widget_type=\"heading.default\">\n\t\t\t\t<div class=\"elementor-widget-container\">\n\t\t\t\t\t<h4 class=\"elementor-heading-title elementor-size-medium\">Para consultas profesionais e contrataci\u00f3n, p\u00f3\u00f1ase en contacto connosco directamente. <\/h4>\t\t\t\t<\/div>\n\t\t\t\t<\/div>\n\t\t\t\t<div class=\"elementor-element elementor-element-54910cf elementor-widget elementor-widget-spacer\" data-id=\"54910cf\" data-element_type=\"widget\" data-widget_type=\"spacer.default\">\n\t\t\t\t<div class=\"elementor-widget-container\">\n\t\t\t\t\t\t\t<div class=\"elementor-spacer\">\n\t\t\t<div class=\"elementor-spacer-inner\"><\/div>\n\t\t<\/div>\n\t\t\t\t\t\t<\/div>\n\t\t\t\t<\/div>\n\t\t\t\t<div class=\"elementor-element elementor-element-163a1c4 elementor-widget-mobile__width-initial elementor-icon-list--layout-traditional elementor-list-item-link-full_width elementor-widget elementor-widget-icon-list\" data-id=\"163a1c4\" data-element_type=\"widget\" data-widget_type=\"icon-list.default\">\n\t\t\t\t<div class=\"elementor-widget-container\">\n\t\t\t\t\t\t\t<ul class=\"elementor-icon-list-items\">\n\t\t\t\t\t\t\t<li class=\"elementor-icon-list-item\">\n\t\t\t\t\t\t\t\t\t\t\t<a href=\"\">\n\n\t\t\t\t\t\t\t\t\t\t\t\t<span class=\"elementor-icon-list-icon\">\n\t\t\t\t\t\t\t<svg aria-hidden=\"true\" class=\"e-font-icon-svg e-fas-mobile-alt\" viewBox=\"0 0 320 512\" xmlns=\"http:\/\/www.w3.org\/2000\/svg\"><path d=\"M272 0H48C21.5 0 0 21.5 0 48v416c0 26.5 21.5 48 48 48h224c26.5 0 48-21.5 48-48V48c0-26.5-21.5-48-48-48zM160 480c-17.7 0-32-14.3-32-32s14.3-32 32-32 32 14.3 32 32-14.3 32-32 32zm112-108c0 6.6-5.4 12-12 12H60c-6.6 0-12-5.4-12-12V60c0-6.6 5.4-12 12-12h200c6.6 0 12 5.4 12 12v312z\"><\/path><\/svg>\t\t\t\t\t\t<\/span>\n\t\t\t\t\t\t\t\t\t\t<span class=\"elementor-icon-list-text\">682497644<\/span>\n\t\t\t\t\t\t\t\t\t\t\t<\/a>\n\t\t\t\t\t\t\t\t\t<\/li>\n\t\t\t\t\t\t\t\t<li class=\"elementor-icon-list-item\">\n\t\t\t\t\t\t\t\t\t\t\t<a href=\"mailto:contacto@luciaperez.es\">\n\n\t\t\t\t\t\t\t\t\t\t\t\t<span class=\"elementor-icon-list-icon\">\n\t\t\t\t\t\t\t<svg aria-hidden=\"true\" class=\"e-font-icon-svg e-fas-mail-bulk\" viewBox=\"0 0 576 512\" xmlns=\"http:\/\/www.w3.org\/2000\/svg\"><path d=\"M160 448c-25.6 0-51.2-22.4-64-32-64-44.8-83.2-60.8-96-70.4V480c0 17.67 14.33 32 32 32h256c17.67 0 32-14.33 32-32V345.6c-12.8 9.6-32 25.6-96 70.4-12.8 9.6-38.4 32-64 32zm128-192H32c-17.67 0-32 14.33-32 32v16c25.6 19.2 22.4 19.2 115.2 86.4 9.6 6.4 28.8 25.6 44.8 25.6s35.2-19.2 44.8-22.4c92.8-67.2 89.6-67.2 115.2-86.4V288c0-17.67-14.33-32-32-32zm256-96H224c-17.67 0-32 14.33-32 32v32h96c33.21 0 60.59 25.42 63.71 57.82l.29-.22V416h192c17.67 0 32-14.33 32-32V192c0-17.67-14.33-32-32-32zm-32 128h-64v-64h64v64zm-352-96c0-35.29 28.71-64 64-64h224V32c0-17.67-14.33-32-32-32H96C78.33 0 64 14.33 64 32v192h96v-32z\"><\/path><\/svg>\t\t\t\t\t\t<\/span>\n\t\t\t\t\t\t\t\t\t\t<span class=\"elementor-icon-list-text\">contacto@luciaperez.es<\/span>\n\t\t\t\t\t\t\t\t\t\t\t<\/a>\n\t\t\t\t\t\t\t\t\t<\/li>\n\t\t\t\t\t\t\t\t<li class=\"elementor-icon-list-item\">\n\t\t\t\t\t\t\t\t\t\t\t<a href=\"mailto:contratacion@luciaperez.es\">\n\n\t\t\t\t\t\t\t\t\t\t\t\t<span class=\"elementor-icon-list-icon\">\n\t\t\t\t\t\t\t<svg aria-hidden=\"true\" class=\"e-font-icon-svg e-fas-mail-bulk\" viewBox=\"0 0 576 512\" xmlns=\"http:\/\/www.w3.org\/2000\/svg\"><path d=\"M160 448c-25.6 0-51.2-22.4-64-32-64-44.8-83.2-60.8-96-70.4V480c0 17.67 14.33 32 32 32h256c17.67 0 32-14.33 32-32V345.6c-12.8 9.6-32 25.6-96 70.4-12.8 9.6-38.4 32-64 32zm128-192H32c-17.67 0-32 14.33-32 32v16c25.6 19.2 22.4 19.2 115.2 86.4 9.6 6.4 28.8 25.6 44.8 25.6s35.2-19.2 44.8-22.4c92.8-67.2 89.6-67.2 115.2-86.4V288c0-17.67-14.33-32-32-32zm256-96H224c-17.67 0-32 14.33-32 32v32h96c33.21 0 60.59 25.42 63.71 57.82l.29-.22V416h192c17.67 0 32-14.33 32-32V192c0-17.67-14.33-32-32-32zm-32 128h-64v-64h64v64zm-352-96c0-35.29 28.71-64 64-64h224V32c0-17.67-14.33-32-32-32H96C78.33 0 64 14.33 64 32v192h96v-32z\"><\/path><\/svg>\t\t\t\t\t\t<\/span>\n\t\t\t\t\t\t\t\t\t\t<span class=\"elementor-icon-list-text\">contratacion@luciaperez.es<\/span>\n\t\t\t\t\t\t\t\t\t\t\t<\/a>\n\t\t\t\t\t\t\t\t\t<\/li>\n\t\t\t\t\t\t<\/ul>\n\t\t\t\t\t\t<\/div>\n\t\t\t\t<\/div>\n\t\t\t\t<\/div>\n\t\t<div class=\"elementor-element elementor-element-8f907c4 e-con-full e-flex e-con e-child\" data-id=\"8f907c4\" data-element_type=\"container\" data-settings=\"{&quot;background_background&quot;:&quot;classic&quot;}\">\n\t\t\t\t<div class=\"elementor-element elementor-element-0f11193 elementor-widget elementor-widget-heading\" data-id=\"0f11193\" data-element_type=\"widget\" data-widget_type=\"heading.default\">\n\t\t\t\t<div class=\"elementor-widget-container\">\n\t\t\t\t\t<h2 class=\"elementor-heading-title elementor-size-default\">Formulario<\/h2>\t\t\t\t<\/div>\n\t\t\t\t<\/div>\n\t\t\t\t<div class=\"elementor-element elementor-element-cfc45d6 elementor-widget elementor-widget-wpforms\" data-id=\"cfc45d6\" data-element_type=\"widget\" data-widget_type=\"wpforms.default\">\n\t\t\t\t<div class=\"elementor-widget-container\">\n\t\t\t\t\t<style id=\"wpforms-css-vars-elementor-widget-cfc45d6\">\n\t\t\t\t.elementor-widget-wpforms.elementor-element-cfc45d6 {\n\t\t\t\t--wpforms-button-background-color: #FFFFFF;\n--wpforms-button-text-color: #000000;\n--wpforms-field-text-color: #050505B3;\n\t\t\t}\n\t\t\t<\/style><div class=\"wpforms-container wpforms-container-full wpforms-render-modern\" id=\"wpforms-1640\"><form id=\"wpforms-form-1640\" class=\"wpforms-validate wpforms-form wpforms-ajax-form\" data-formid=\"1640\" method=\"post\" enctype=\"multipart\/form-data\" action=\"\/gl\/wp-json\/wp\/v2\/pages\/1268\" data-token=\"ed09b92ea97d2dda1a258867464a3d35\" data-token-time=\"1777433674\"><noscript class=\"wpforms-error-noscript\">Por favor, activa JavaScript no teu navegador para completar este formulario.<\/noscript><div id=\"wpforms-error-noscript\" style=\"display: none;\">Por favor, activa JavaScript no teu navegador para completar este formulario.<\/div><div class=\"wpforms-field-container\"><div id=\"wpforms-1640-field_0-container\" class=\"wpforms-field wpforms-field-name\" data-field-id=\"0\"><fieldset><legend class=\"wpforms-field-label wpforms-label-hide\" aria-hidden=\"false\">Nome <span class=\"wpforms-required-label\" aria-hidden=\"true\">*<\/span><\/legend><div class=\"wpforms-field-row wpforms-field-medium\"><div class=\"wpforms-field-row-block wpforms-first wpforms-one-half\"><input type=\"text\" id=\"wpforms-1640-field_0\" class=\"wpforms-field-name-first wpforms-field-required\" name=\"wpforms[fields][0][first]\" placeholder=\"Nome\" aria-errormessage=\"wpforms-1640-field_0-error\" required><label for=\"wpforms-1640-field_0\" class=\"wpforms-field-sublabel after\">Nome<\/label><\/div><div class=\"wpforms-field-row-block wpforms-one-half\"><input type=\"text\" id=\"wpforms-1640-field_0-last\" class=\"wpforms-field-name-last wpforms-field-required\" name=\"wpforms[fields][0][last]\" placeholder=\"Apelidos\" aria-errormessage=\"wpforms-1640-field_0-last-error\" required><label for=\"wpforms-1640-field_0-last\" class=\"wpforms-field-sublabel after\">Apelidos<\/label><\/div><\/div><\/fieldset><\/div><div id=\"wpforms-1640-field_1-container\" class=\"wpforms-field wpforms-field-email\" data-field-id=\"1\"><label class=\"wpforms-field-label wpforms-label-hide\" for=\"wpforms-1640-field_1\" aria-hidden=\"false\">Correo electr\u00f3nico <span class=\"wpforms-required-label\" aria-hidden=\"true\">*<\/span><\/label><input type=\"email\" id=\"wpforms-1640-field_1\" class=\"wpforms-field-medium wpforms-field-required\" name=\"wpforms[fields][1]\" placeholder=\"Correo electr\u00f3nico\" spellcheck=\"false\" aria-errormessage=\"wpforms-1640-field_1-error\" required><\/div><div id=\"wpforms-1640-field_2-container\" class=\"wpforms-field wpforms-field-textarea\" data-field-id=\"2\"><label class=\"wpforms-field-label wpforms-label-hide\" for=\"wpforms-1640-field_2\" aria-hidden=\"false\">Comentario ou mensaxe<\/label><textarea id=\"wpforms-1640-field_2\" class=\"wpforms-field-medium\" name=\"wpforms[fields][2]\" placeholder=\"Comentario ou mensaxe\" aria-errormessage=\"wpforms-1640-field_2-error\" ><\/textarea><\/div><div id=\"wpforms-1640-field_3-container\" class=\"wpforms-field wpforms-field-checkbox\" data-field-id=\"3\"><fieldset><legend class=\"wpforms-field-label\">Pol\u00edtica de Privacidade<\/legend><ul id=\"wpforms-1640-field_3\"><li class=\"choice-1 depth-1\"><input type=\"checkbox\" id=\"wpforms-1640-field_3_1\" name=\"wpforms[fields][3][]\" value=\"&lt;a rel=&quot;nofollow&quot; href=&quot;https:\/\/luciaperez.es\/gl\/politica-de-privacidade\/&quot;&gt;Le\u00edn e estou de acordo coa  Pol\u00edtica de privacidade&lt;\/a&gt;&lt;a&gt;.&lt;\/a&gt;\" aria-errormessage=\"wpforms-1640-field_3_1-error\"  ><label class=\"wpforms-field-label-inline\" for=\"wpforms-1640-field_3_1\"><a rel=\"nofollow\" href=\"https:\/\/luciaperez.es\/gl\/politica-de-privacidade\/\">Le\u00edn e estou de acordo coa  Pol\u00edtica de privacidade<\/a><a>.<\/a><\/label><\/li><\/ul><\/fieldset><\/div><\/div><!-- .wpforms-field-container --><div class=\"wpforms-recaptcha-container wpforms-is-recaptcha wpforms-is-recaptcha-type-v3\" ><input type=\"hidden\" name=\"wpforms[recaptcha]\" value=\"\"><\/div><div class=\"wpforms-submit-container\" ><input type=\"hidden\" name=\"wpforms[id]\" value=\"1640\"><input type=\"hidden\" name=\"page_title\" value=\"\"><input type=\"hidden\" name=\"page_url\" value=\"https:\/\/luciaperez.es\/gl\/wp-json\/wp\/v2\/pages\/1268\"><input type=\"hidden\" name=\"url_referer\" value=\"\"><button type=\"submit\" name=\"wpforms[submit]\" id=\"wpforms-submit-1640\" class=\"wpforms-submit\" data-alt-text=\"Enviando...\" data-submit-text=\"Enviar\" aria-live=\"assertive\" value=\"wpforms-submit\">Enviar<\/button><img decoding=\"async\" src=\"https:\/\/luciaperez.es\/wp-content\/plugins\/wpforms-lite\/assets\/images\/submit-spin.svg\" class=\"wpforms-submit-spinner\" style=\"display: none;\" width=\"26\" height=\"26\" alt=\"Cargando\"><\/div><\/form><\/div>  <!-- .wpforms-container -->\t\t\t\t<\/div>\n\t\t\t\t<\/div>\n\t\t\t\t<\/div>\n\t\t\t\t\t<\/div>\n\t\t\t\t<\/div>\n\t\t\t\t<\/div>\n\t\t","protected":false},"excerpt":{"rendered":"<p>CONTACTO CONTACTO CONTACTO Informaci\u00f3n de contacto Para consultas profesionais e contrataci\u00f3n, p\u00f3\u00f1ase en contacto connosco directamente. 682497644 contacto@luciaperez.es contratacion@luciaperez.es Formulario Por favor, activa JavaScript en tu navegador para completar este formulario.Por favor, activa JavaScript en tu navegador para completar este formulario. Nombre * NombreApellidos Correo electr\u00f3nico *Comentario o mensaje Pol\u00edtica de Privacidad He le\u00eddo y&#8230;<\/p>\n","protected":false},"author":1,"featured_media":2706,"parent":0,"menu_order":0,"comment_status":"closed","ping_status":"closed","template":"","meta":{"_kad_post_transparent":"","_kad_post_title":"hide","_kad_post_layout":"fullwidth","_kad_post_sidebar_id":"","_kad_post_content_style":"","_kad_post_vertical_padding":"","_kad_post_feature":"hide","_kad_post_feature_position":"","_kad_post_header":false,"_kad_post_footer":false,"footnotes":""},"class_list":["post-1268","page","type-page","status-publish","has-post-thumbnail","hentry"],"yoast_head":"<!-- This site is optimized with the Yoast SEO plugin v24.4 - https:\/\/yoast.com\/wordpress\/plugins\/seo\/ -->\n<title>CONTACTO - Luc\u00eda P\u00e9rez<\/title>\n<meta name=\"robots\" content=\"index, follow, max-snippet:-1, max-image-preview:large, max-video-preview:-1\" \/>\n<link rel=\"canonical\" href=\"https:\/\/luciaperez.es\/gl\/contacto\/\" \/>\n<meta property=\"og:locale\" content=\"gl_ES\" \/>\n<meta property=\"og:type\" content=\"article\" \/>\n<meta property=\"og:title\" content=\"CONTACTO - Luc\u00eda P\u00e9rez\" \/>\n<meta property=\"og:description\" content=\"CONTACTO CONTACTO CONTACTO Informaci\u00f3n de contacto Para consultas profesionais e contrataci\u00f3n, p\u00f3\u00f1ase en contacto connosco directamente. 682497644 contacto@luciaperez.es contratacion@luciaperez.es Formulario Por favor, activa JavaScript en tu navegador para completar este formulario.Por favor, activa JavaScript en tu navegador para completar este formulario. Nombre * NombreApellidos Correo electr\u00f3nico *Comentario o mensaje Pol\u00edtica de Privacidad He le\u00eddo y...\" \/>\n<meta property=\"og:url\" content=\"https:\/\/luciaperez.es\/gl\/contacto\/\" \/>\n<meta property=\"og:site_name\" content=\"Luc\u00eda P\u00e9rez\" \/>\n<meta property=\"article:modified_time\" content=\"2024-03-15T12:09:48+00:00\" \/>\n<meta name=\"twitter:card\" content=\"summary_large_image\" \/>\n<meta name=\"twitter:label1\" content=\"Tempo de lectura\" \/>\n\t<meta name=\"twitter:data1\" content=\"1 minuto\" \/>\n<script type=\"application\/ld+json\" class=\"yoast-schema-graph\">{\"@context\":\"https:\/\/schema.org\",\"@graph\":[{\"@type\":\"WebPage\",\"@id\":\"https:\/\/luciaperez.es\/gl\/contacto\/\",\"url\":\"https:\/\/luciaperez.es\/gl\/contacto\/\",\"name\":\"CONTACTO - Luc\u00eda P\u00e9rez\",\"isPartOf\":{\"@id\":\"https:\/\/luciaperez.es\/#website\"},\"primaryImageOfPage\":{\"@id\":\"https:\/\/luciaperez.es\/gl\/contacto\/#primaryimage\"},\"image\":{\"@id\":\"https:\/\/luciaperez.es\/gl\/contacto\/#primaryimage\"},\"thumbnailUrl\":\"https:\/\/luciaperez.es\/wp-content\/uploads\/2024\/02\/Diseno-sin-titulo-53.svg\",\"datePublished\":\"2023-06-07T08:46:10+00:00\",\"dateModified\":\"2024-03-15T12:09:48+00:00\",\"breadcrumb\":{\"@id\":\"https:\/\/luciaperez.es\/gl\/contacto\/#breadcrumb\"},\"inLanguage\":\"gl-ES\",\"potentialAction\":[{\"@type\":\"ReadAction\",\"target\":[\"https:\/\/luciaperez.es\/gl\/contacto\/\"]}]},{\"@type\":\"ImageObject\",\"inLanguage\":\"gl-ES\",\"@id\":\"https:\/\/luciaperez.es\/gl\/contacto\/#primaryimage\",\"url\":\"https:\/\/luciaperez.es\/wp-content\/uploads\/2024\/02\/Diseno-sin-titulo-53.svg\",\"contentUrl\":\"https:\/\/luciaperez.es\/wp-content\/uploads\/2024\/02\/Diseno-sin-titulo-53.svg\",\"width\":1160,\"height\":300},{\"@type\":\"BreadcrumbList\",\"@id\":\"https:\/\/luciaperez.es\/gl\/contacto\/#breadcrumb\",\"itemListElement\":[{\"@type\":\"ListItem\",\"position\":1,\"name\":\"Portada\",\"item\":\"https:\/\/luciaperez.es\/gl\/\"},{\"@type\":\"ListItem\",\"position\":2,\"name\":\"CONTACTO\"}]},{\"@type\":\"WebSite\",\"@id\":\"https:\/\/luciaperez.es\/#website\",\"url\":\"https:\/\/luciaperez.es\/\",\"name\":\"Luc\u00eda Perez\",\"description\":\"P\u00e1xina Oficial Luc\u00eda Perez\",\"publisher\":{\"@id\":\"https:\/\/luciaperez.es\/#\/schema\/person\/9944af4f7a9ff0e895366d6bd1c27771\"},\"potentialAction\":[{\"@type\":\"SearchAction\",\"target\":{\"@type\":\"EntryPoint\",\"urlTemplate\":\"https:\/\/luciaperez.es\/?s={search_term_string}\"},\"query-input\":{\"@type\":\"PropertyValueSpecification\",\"valueRequired\":true,\"valueName\":\"search_term_string\"}}],\"inLanguage\":\"gl-ES\"},{\"@type\":[\"Person\",\"Organization\"],\"@id\":\"https:\/\/luciaperez.es\/#\/schema\/person\/9944af4f7a9ff0e895366d6bd1c27771\",\"name\":\"luciaperez\",\"image\":{\"@type\":\"ImageObject\",\"inLanguage\":\"gl-ES\",\"@id\":\"https:\/\/luciaperez.es\/#\/schema\/person\/image\/\",\"url\":\"https:\/\/luciaperez.es\/wp-content\/uploads\/2024\/02\/cropped-logo-lucia-perez.webp\",\"contentUrl\":\"https:\/\/luciaperez.es\/wp-content\/uploads\/2024\/02\/cropped-logo-lucia-perez.webp\",\"width\":290,\"height\":60,\"caption\":\"luciaperez\"},\"logo\":{\"@id\":\"https:\/\/luciaperez.es\/#\/schema\/person\/image\/\"},\"sameAs\":[\"https:\/\/luciaperez.es\"]}]}<\/script>\n<!-- \/ Yoast SEO plugin. -->","yoast_head_json":{"title":"CONTACTO - Luc\u00eda P\u00e9rez","robots":{"index":"index","follow":"follow","max-snippet":"max-snippet:-1","max-image-preview":"max-image-preview:large","max-video-preview":"max-video-preview:-1"},"canonical":"https:\/\/luciaperez.es\/gl\/contacto\/","og_locale":"gl_ES","og_type":"article","og_title":"CONTACTO - Luc\u00eda P\u00e9rez","og_description":"CONTACTO CONTACTO CONTACTO Informaci\u00f3n de contacto Para consultas profesionais e contrataci\u00f3n, p\u00f3\u00f1ase en contacto connosco directamente. 682497644 contacto@luciaperez.es contratacion@luciaperez.es Formulario Por favor, activa JavaScript en tu navegador para completar este formulario.Por favor, activa JavaScript en tu navegador para completar este formulario. Nombre * NombreApellidos Correo electr\u00f3nico *Comentario o mensaje Pol\u00edtica de Privacidad He le\u00eddo y...","og_url":"https:\/\/luciaperez.es\/gl\/contacto\/","og_site_name":"Luc\u00eda P\u00e9rez","article_modified_time":"2024-03-15T12:09:48+00:00","twitter_card":"summary_large_image","twitter_misc":{"Tempo de lectura":"1 minuto"},"schema":{"@context":"https:\/\/schema.org","@graph":[{"@type":"WebPage","@id":"https:\/\/luciaperez.es\/gl\/contacto\/","url":"https:\/\/luciaperez.es\/gl\/contacto\/","name":"CONTACTO - Luc\u00eda P\u00e9rez","isPartOf":{"@id":"https:\/\/luciaperez.es\/#website"},"primaryImageOfPage":{"@id":"https:\/\/luciaperez.es\/gl\/contacto\/#primaryimage"},"image":{"@id":"https:\/\/luciaperez.es\/gl\/contacto\/#primaryimage"},"thumbnailUrl":"https:\/\/luciaperez.es\/wp-content\/uploads\/2024\/02\/Diseno-sin-titulo-53.svg","datePublished":"2023-06-07T08:46:10+00:00","dateModified":"2024-03-15T12:09:48+00:00","breadcrumb":{"@id":"https:\/\/luciaperez.es\/gl\/contacto\/#breadcrumb"},"inLanguage":"gl-ES","potentialAction":[{"@type":"ReadAction","target":["https:\/\/luciaperez.es\/gl\/contacto\/"]}]},{"@type":"ImageObject","inLanguage":"gl-ES","@id":"https:\/\/luciaperez.es\/gl\/contacto\/#primaryimage","url":"https:\/\/luciaperez.es\/wp-content\/uploads\/2024\/02\/Diseno-sin-titulo-53.svg","contentUrl":"https:\/\/luciaperez.es\/wp-content\/uploads\/2024\/02\/Diseno-sin-titulo-53.svg","width":1160,"height":300},{"@type":"BreadcrumbList","@id":"https:\/\/luciaperez.es\/gl\/contacto\/#breadcrumb","itemListElement":[{"@type":"ListItem","position":1,"name":"Portada","item":"https:\/\/luciaperez.es\/gl\/"},{"@type":"ListItem","position":2,"name":"CONTACTO"}]},{"@type":"WebSite","@id":"https:\/\/luciaperez.es\/#website","url":"https:\/\/luciaperez.es\/","name":"Luc\u00eda Perez","description":"P\u00e1xina Oficial Luc\u00eda Perez","publisher":{"@id":"https:\/\/luciaperez.es\/#\/schema\/person\/9944af4f7a9ff0e895366d6bd1c27771"},"potentialAction":[{"@type":"SearchAction","target":{"@type":"EntryPoint","urlTemplate":"https:\/\/luciaperez.es\/?s={search_term_string}"},"query-input":{"@type":"PropertyValueSpecification","valueRequired":true,"valueName":"search_term_string"}}],"inLanguage":"gl-ES"},{"@type":["Person","Organization"],"@id":"https:\/\/luciaperez.es\/#\/schema\/person\/9944af4f7a9ff0e895366d6bd1c27771","name":"luciaperez","image":{"@type":"ImageObject","inLanguage":"gl-ES","@id":"https:\/\/luciaperez.es\/#\/schema\/person\/image\/","url":"https:\/\/luciaperez.es\/wp-content\/uploads\/2024\/02\/cropped-logo-lucia-perez.webp","contentUrl":"https:\/\/luciaperez.es\/wp-content\/uploads\/2024\/02\/cropped-logo-lucia-perez.webp","width":290,"height":60,"caption":"luciaperez"},"logo":{"@id":"https:\/\/luciaperez.es\/#\/schema\/person\/image\/"},"sameAs":["https:\/\/luciaperez.es"]}]}},"_links":{"self":[{"href":"https:\/\/luciaperez.es\/gl\/wp-json\/wp\/v2\/pages\/1268","targetHints":{"allow":["GET"]}}],"collection":[{"href":"https:\/\/luciaperez.es\/gl\/wp-json\/wp\/v2\/pages"}],"about":[{"href":"https:\/\/luciaperez.es\/gl\/wp-json\/wp\/v2\/types\/page"}],"author":[{"embeddable":true,"href":"https:\/\/luciaperez.es\/gl\/wp-json\/wp\/v2\/users\/1"}],"replies":[{"embeddable":true,"href":"https:\/\/luciaperez.es\/gl\/wp-json\/wp\/v2\/comments?post=1268"}],"version-history":[{"count":0,"href":"https:\/\/luciaperez.es\/gl\/wp-json\/wp\/v2\/pages\/1268\/revisions"}],"wp:featuredmedia":[{"embeddable":true,"href":"https:\/\/luciaperez.es\/gl\/wp-json\/wp\/v2\/media\/2706"}],"wp:attachment":[{"href":"https:\/\/luciaperez.es\/gl\/wp-json\/wp\/v2\/media?parent=1268"}],"curies":[{"name":"wp","href":"https:\/\/api.w.org\/{rel}","templated":true}]}}